{"id":764,"date":"2025-01-26T18:09:57","date_gmt":"2025-01-26T15:09:57","guid":{"rendered":"https:\/\/www.tailsup.co\/?post_type=product&#038;p=764"},"modified":"2025-01-26T18:09:57","modified_gmt":"2025-01-26T15:09:57","slug":"black-cumin-hemp-seed-oil-1l","status":"publish","type":"product","link":"https:\/\/www.tailsup.co\/fi\/tuote\/black-cumin-hemp-seed-oil-1l\/","title":{"rendered":"Mustakuminansiemen- ja hamppu\u00f6ljy - 1L"},"content":{"rendered":"<p><span style=\"color: #511932;\"><b>Ravintosis\u00e4lt\u00f6:<\/b><\/span><\/p>\n<ul>\n<li style=\"font-weight: 400;\" aria-level=\"1\"><span style=\"font-weight: 400;\">Luomu mustakuminansiemen\u00f6ljy 50%<\/span><\/li>\n<li style=\"font-weight: 400;\" aria-level=\"1\"><span style=\"font-weight: 400;\">Luomu kylm\u00e4puristettu hamppu\u00f6ljy 50%<\/span><\/li>\n<\/ul>\n<p>&nbsp;<\/p>\n<p><span style=\"color: #511932;\"><b>Mustakuminansiemen- ja hamppu\u00f6ljy<\/b><\/span><span style=\"font-weight: 400;\"> on tasapainoinen ja luonnollinen sekoitus kahta arvokasta \u00f6ljy\u00e4, jotka tukevat hevosesi kokonaisvaltaista terveytt\u00e4 ja hyvinvointia.<\/span><\/p>\n<p><span style=\"color: #511932;\"><b>Mustakuminansiemen\u00f6ljy<\/b><\/span><span style=\"font-weight: 400;\"> tunnetaan sen tulehdusta v\u00e4hent\u00e4vist\u00e4 ja immuunij\u00e4rjestelm\u00e4\u00e4 vahvistavista ominaisuuksista. Se sis\u00e4lt\u00e4\u00e4 runsaasti v\u00e4ltt\u00e4m\u00e4tt\u00f6mi\u00e4 rasvahappoja, antioksidantteja ja muita bioaktiivisia yhdisteit\u00e4, jotka parantavat ruoansulatusta, tukevat hengitysteiden terveytt\u00e4 ja edist\u00e4v\u00e4t kiilt\u00e4v\u00e4\u00e4, tervett\u00e4 karvapeitett\u00e4.<\/span><\/p>\n<p><b><span style=\"color: #511932;\">Hamppu\u00f6ljy<\/span>l<\/b><span style=\"font-weight: 400;\"> on erinomainen omega-3- ja omega-6-rasvahappojen l\u00e4hde t\u00e4ydellisess\u00e4 tasapainossa. N\u00e4m\u00e4 rasvahapot edist\u00e4v\u00e4t nivelten ja lihasten terveytt\u00e4, tukevat syd\u00e4n- ja verisuonij\u00e4rjestelm\u00e4\u00e4 sek\u00e4 yll\u00e4pit\u00e4v\u00e4t ihon ja karvapeitteen hyvinvointia. Lis\u00e4ksi hamppu\u00f6ljy v\u00e4hent\u00e4\u00e4 tulehdusta ja tukee yleist\u00e4 hyvinvointia.<\/span><\/p>\n<p><span style=\"font-weight: 400;\">T\u00e4m\u00e4 \u00f6ljy sopii kaikenik\u00e4isille hevosille. Helppok\u00e4ytt\u00f6inen\u2014lis\u00e4\u00e4 vain hevosesi rehuun. \"Mustakuminansiemen- ja hamppu\u00f6ljy\" on yksinkertainen ja tehokas tapa pit\u00e4\u00e4 hevosesi terveen\u00e4 ja tyytyv\u00e4isen\u00e4.<\/span><\/p>","protected":false},"excerpt":{"rendered":"<p><span style=\"font-weight: 400;\">Suositeltu p\u00e4iv\u00e4annos: 30\u201360 ml <\/span><span style=\"font-weight: 400;\">\u00c4l\u00e4 ylit\u00e4 suositeltua p\u00e4iv\u00e4annosta.\u00a0<\/span><span style=\"font-weight: 400;\">Ravintolisi\u00e4 ei tule k\u00e4ytt\u00e4\u00e4 monipuolisen ruokavalion korvikkeena. <\/span><\/p>","protected":false},"featured_media":773,"comment_status":"open","ping_status":"closed","template":"","meta":[],"product_brand":[],"product_cat":[19],"product_tag":[],"class_list":{"0":"post-764","1":"product","2":"type-product","3":"status-publish","4":"has-post-thumbnail","6":"product_cat-horses","8":"first","9":"instock","10":"shipping-taxable","11":"purchasable","12":"product-type-simple"},"_links":{"self":[{"href":"https:\/\/www.tailsup.co\/fi\/wp-json\/wp\/v2\/product\/764","targetHints":{"allow":["GET"]}}],"collection":[{"href":"https:\/\/www.tailsup.co\/fi\/wp-json\/wp\/v2\/product"}],"about":[{"href":"https:\/\/www.tailsup.co\/fi\/wp-json\/wp\/v2\/types\/product"}],"replies":[{"embeddable":true,"href":"https:\/\/www.tailsup.co\/fi\/wp-json\/wp\/v2\/comments?post=764"}],"wp:featuredmedia":[{"embeddable":true,"href":"https:\/\/www.tailsup.co\/fi\/wp-json\/wp\/v2\/media\/773"}],"wp:attachment":[{"href":"https:\/\/www.tailsup.co\/fi\/wp-json\/wp\/v2\/media?parent=764"}],"wp:term":[{"taxonomy":"product_brand","embeddable":true,"href":"https:\/\/www.tailsup.co\/fi\/wp-json\/wp\/v2\/product_brand?post=764"},{"taxonomy":"product_cat","embeddable":true,"href":"https:\/\/www.tailsup.co\/fi\/wp-json\/wp\/v2\/product_cat?post=764"},{"taxonomy":"product_tag","embeddable":true,"href":"https:\/\/www.tailsup.co\/fi\/wp-json\/wp\/v2\/product_tag?post=764"}],"curies":[{"name":"wp","href":"https:\/\/api.w.org\/{rel}","templated":true}]}}