{"id":157,"date":"2024-10-03T21:50:31","date_gmt":"2024-10-03T21:50:31","guid":{"rendered":"https:\/\/www.tailsup.co\/?post_type=product&#038;p=157"},"modified":"2025-02-03T18:02:37","modified_gmt":"2025-02-03T15:02:37","slug":"salmon-oil-with-cbd-10ml","status":"publish","type":"product","link":"https:\/\/www.tailsup.co\/fi\/tuote\/salmon-oil-with-cbd-10ml\/","title":{"rendered":"CBD Lohi\u00f6ljy - 10 ml"},"content":{"rendered":"<p><span style=\"color: #68354a;\"><b>Ravintosis\u00e4lt\u00f6:<\/b><\/span><\/p>\n<ul>\n<li style=\"font-weight: 400;\" aria-level=\"1\"><span style=\"font-weight: 400;\">Puhdas lohi\u00f6ljy \u2013 97%<\/span><\/li>\n<li style=\"font-weight: 400;\" aria-level=\"1\"><span style=\"font-weight: 400;\">CBD t\u00e4yden spektrin uute 3%<\/span><\/li>\n<li style=\"font-weight: 400;\" aria-level=\"1\"><span style=\"font-weight: 400;\">THC alle 0,2%<\/span><\/li>\n<\/ul>\n<p>&nbsp;<\/p>\n<p>Laadukas CBD:t\u00e4 sis\u00e4lt\u00e4v\u00e4 lohi\u00f6ljy tukee lemmikkisi kokonaisvaltaista hyvinvointia. Omega-3-rasvahapot edist\u00e4v\u00e4t turkin kiiltoa, ihon terveytt\u00e4 ja nivelten liikkuvuutta.\nLis\u00e4tty CBD auttaa v\u00e4hent\u00e4m\u00e4\u00e4n ahdistusta, tulehdusta ja kipua, tarjoten rauhoittavan vaikutuksen stressaantuneille lemmikeille. T\u00e4ydellinen valinta lemmikeille, jotka tarvitsevat lis\u00e4hoitoa ja -tukea.\nKest\u00e4v\u00e4sti hankittu, luomulaatuinen ja ilman CBD-isolaattia \u2013 vain parasta lemmikillesi!<\/p>","protected":false},"excerpt":{"rendered":"<p><span style=\"font-weight: 400;\">K\u00e4ytt\u00f6ohje:5\u201310 tippaa p\u00e4iv\u00e4ss\u00e4<\/span><span style=\"font-weight: 400;\">\u00c4l\u00e4 ylit\u00e4 suositeltua p\u00e4iv\u00e4annosta. <\/span><span style=\"font-weight: 400;\">Ravintolisi\u00e4 ei tule k\u00e4ytt\u00e4\u00e4 monipuolisen ruokavalion korvikkeena. <\/span><\/p>","protected":false},"featured_media":647,"comment_status":"open","ping_status":"closed","template":"","meta":[],"product_brand":[],"product_cat":[20],"product_tag":[],"class_list":{"0":"post-157","1":"product","2":"type-product","3":"status-publish","4":"has-post-thumbnail","6":"product_cat-pets","8":"first","9":"instock","10":"shipping-taxable","11":"purchasable","12":"product-type-simple"},"_links":{"self":[{"href":"https:\/\/www.tailsup.co\/fi\/wp-json\/wp\/v2\/product\/157","targetHints":{"allow":["GET"]}}],"collection":[{"href":"https:\/\/www.tailsup.co\/fi\/wp-json\/wp\/v2\/product"}],"about":[{"href":"https:\/\/www.tailsup.co\/fi\/wp-json\/wp\/v2\/types\/product"}],"replies":[{"embeddable":true,"href":"https:\/\/www.tailsup.co\/fi\/wp-json\/wp\/v2\/comments?post=157"}],"wp:featuredmedia":[{"embeddable":true,"href":"https:\/\/www.tailsup.co\/fi\/wp-json\/wp\/v2\/media\/647"}],"wp:attachment":[{"href":"https:\/\/www.tailsup.co\/fi\/wp-json\/wp\/v2\/media?parent=157"}],"wp:term":[{"taxonomy":"product_brand","embeddable":true,"href":"https:\/\/www.tailsup.co\/fi\/wp-json\/wp\/v2\/product_brand?post=157"},{"taxonomy":"product_cat","embeddable":true,"href":"https:\/\/www.tailsup.co\/fi\/wp-json\/wp\/v2\/product_cat?post=157"},{"taxonomy":"product_tag","embeddable":true,"href":"https:\/\/www.tailsup.co\/fi\/wp-json\/wp\/v2\/product_tag?post=157"}],"curies":[{"name":"wp","href":"https:\/\/api.w.org\/{rel}","templated":true}]}}