{"id":153,"date":"2024-10-03T21:47:55","date_gmt":"2024-10-03T21:47:55","guid":{"rendered":"https:\/\/www.tailsup.co\/?post_type=product&#038;p=153"},"modified":"2025-02-03T18:09:32","modified_gmt":"2025-02-03T15:09:32","slug":"salmon-oil-250ml","status":"publish","type":"product","link":"https:\/\/www.tailsup.co\/fi\/tuote\/salmon-oil-250ml\/","title":{"rendered":"Lohi\u00f6ljy - 250ml"},"content":{"rendered":"<p><span style=\"color: #68354a;\"><b>Ravintosis\u00e4lt\u00f6:<\/b><\/span><\/p>\n<ul>\n<li style=\"font-weight: 400;\" aria-level=\"1\"><span style=\"font-weight: 400;\">Puhdas lohi\u00f6ljy 100%<\/span><\/li>\n<\/ul>\n<p>&nbsp;<\/p>\n<p><span style=\"font-weight: 400;\">T\u00e4m\u00e4 100 % puhdas lohi\u00f6ljy on luonnollinen lis\u00e4ravinne, joka tukee lemmikkisi kokonaisvaltaista hyvinvointia. Runsaasti Omega-3-rasvahappoja sis\u00e4lt\u00e4v\u00e4 lohi\u00f6ljy edist\u00e4\u00e4 kiilt\u00e4v\u00e4\u00e4 turkkia, tervett\u00e4 ihoa ja nivelten liikkuvuutta. Lohi\u00f6ljymme on vastuullisesti hankittua, jotta voidaan taata korkein laatu ja kest\u00e4vyys. Se sopii kaikille lemmikeille ja auttaa edist\u00e4m\u00e4\u00e4n syd\u00e4men terveytt\u00e4 sek\u00e4 v\u00e4hent\u00e4m\u00e4\u00e4n tulehdusta.\n\u00d6ljy on helppo annostella ja lis\u00e4t\u00e4 suoraan lemmikin ruokaan \u2013 vaivaton tapa tukea p\u00e4ivitt\u00e4ist\u00e4 hyvinvointia!<\/span><\/p>","protected":false},"excerpt":{"rendered":"<p><span style=\"color: #68354a;\"><strong>0.5 &#8211; 10 kg<\/strong> <\/span>- 1 teelusikallinen;<br \/>\n<span style=\"color: #68354a;\"><strong>11 &#8211; 25 kg<\/strong><\/span> - 2 teelusikallista;<br \/>\n<span style=\"color: #68354a;\"><strong>26 &#8211; 50 kg<\/strong><\/span> - 3 teelusikallista;<br \/>\n<span style=\"color: #68354a;\"><strong>51 &#8211; 75 kg<\/strong><\/span> - 4 teelusikallista;<br \/>\n<span style=\"color: #68354a;\"><strong>76 &#8211; 100 kg<\/strong><\/span> - 5 teelusikallista.<\/p>\n<p><span style=\"font-weight: 400;\">\u00c4l\u00e4 ylit\u00e4 suositeltua p\u00e4iv\u00e4annosta.\u00a0<\/span><span style=\"font-weight: 400;\">Ravintolisi\u00e4 ei tule k\u00e4ytt\u00e4\u00e4 monipuolisen ruokavalion korvikkeena. <\/span><\/p>","protected":false},"featured_media":653,"comment_status":"open","ping_status":"closed","template":"","meta":[],"product_brand":[],"product_cat":[20],"product_tag":[],"class_list":{"0":"post-153","1":"product","2":"type-product","3":"status-publish","4":"has-post-thumbnail","6":"product_cat-pets","8":"first","9":"instock","10":"shipping-taxable","11":"purchasable","12":"product-type-simple"},"_links":{"self":[{"href":"https:\/\/www.tailsup.co\/fi\/wp-json\/wp\/v2\/product\/153","targetHints":{"allow":["GET"]}}],"collection":[{"href":"https:\/\/www.tailsup.co\/fi\/wp-json\/wp\/v2\/product"}],"about":[{"href":"https:\/\/www.tailsup.co\/fi\/wp-json\/wp\/v2\/types\/product"}],"replies":[{"embeddable":true,"href":"https:\/\/www.tailsup.co\/fi\/wp-json\/wp\/v2\/comments?post=153"}],"wp:featuredmedia":[{"embeddable":true,"href":"https:\/\/www.tailsup.co\/fi\/wp-json\/wp\/v2\/media\/653"}],"wp:attachment":[{"href":"https:\/\/www.tailsup.co\/fi\/wp-json\/wp\/v2\/media?parent=153"}],"wp:term":[{"taxonomy":"product_brand","embeddable":true,"href":"https:\/\/www.tailsup.co\/fi\/wp-json\/wp\/v2\/product_brand?post=153"},{"taxonomy":"product_cat","embeddable":true,"href":"https:\/\/www.tailsup.co\/fi\/wp-json\/wp\/v2\/product_cat?post=153"},{"taxonomy":"product_tag","embeddable":true,"href":"https:\/\/www.tailsup.co\/fi\/wp-json\/wp\/v2\/product_tag?post=153"}],"curies":[{"name":"wp","href":"https:\/\/api.w.org\/{rel}","templated":true}]}}