{"id":151,"date":"2024-10-03T21:46:39","date_gmt":"2024-10-03T21:46:39","guid":{"rendered":"https:\/\/www.tailsup.co\/?post_type=product&#038;p=151"},"modified":"2025-01-26T18:02:48","modified_gmt":"2025-01-26T15:02:48","slug":"organic-black-cumin-seed-oil-with-cbd-30ml","status":"publish","type":"product","link":"https:\/\/www.tailsup.co\/fi\/tuote\/organic-black-cumin-seed-oil-with-cbd-30ml\/","title":{"rendered":"Luomu CBD mustakumina\u00f6ljy - 30 ml"},"content":{"rendered":"<p><span style=\"color: #511932;\"><strong>Ravintosis\u00e4lt\u00f6:<\/strong><\/span><\/p>\n<ul>\n<li>Luomu mustakuminansiemen\u00f6ljy 97%<\/li>\n<li>CBD t\u00e4yden spektrin uute 3%<\/li>\n<li>THC alle 0,2%<\/li>\n<\/ul>\n<p>&nbsp;<\/p>\n<p><span style=\"color: #511932;\"><strong>HUOM! Kielletty FEI-kilpailuissa. Suosittelemme lopettamaan k\u00e4yt\u00f6n 7 p\u00e4iv\u00e4\u00e4 ennen tapahtumaa.<\/strong><\/span><\/p>\n<p><span style=\"font-weight: 400;\">Luomu mustakuminansiemen\u00f6ljymme CBD:n kanssa on puhdas ja t\u00e4ysin luonnollinen ravintolis\u00e4, joka on suunniteltu tukemaan hevosesi yleist\u00e4 terveytt\u00e4 ja hyvinvointia. Se on t\u00e4ynn\u00e4 v\u00e4ltt\u00e4m\u00e4tt\u00f6mi\u00e4 rasvahappoja ja voimakkaita antioksidantteja, jotka edist\u00e4v\u00e4t tervett\u00e4 immuunij\u00e4rjestelm\u00e4\u00e4, parantavat ruoansulatusta ja tekev\u00e4t turkista kiilt\u00e4v\u00e4n.T\u00e4m\u00e4n tuotteen CBD-\u00f6ljy on per\u00e4isin omalla luomutilallamme kasvatetusta hampusta, mik\u00e4 takaa korkeimman laadun ja t\u00e4ydellisen hallinnan tuotantoprosessista. Lis\u00e4ksi \u00f6ljy on vastuullisesti valmistettu luomumustakuminansiemenist\u00e4, mik\u00e4 varmistaa sen puhtauden ja kest\u00e4vyyden.<\/span><\/p>\n<p><span style=\"font-weight: 400;\">Sopii kaikenik\u00e4isille hevosille. \u00d6ljy auttaa v\u00e4hent\u00e4m\u00e4\u00e4n tulehduksia, tukee hengitysteiden terveytt\u00e4 ja tarjoaa rauhoittavan vaikutuksen t\u00e4yden spektrin CBD:n ansiosta. Nopeimmat ja tehokkaimmat tulokset saavutetaan levitt\u00e4m\u00e4ll\u00e4 \u00f6ljy suoraan ikeniin. Vaihtoehtoisesti sit\u00e4 voidaan lis\u00e4t\u00e4 hevosesi rehuun, mik\u00e4 tekee siit\u00e4 yksinkertaisen ja hy\u00f6dyllisen osan p\u00e4ivitt\u00e4ist\u00e4 rutiinia.<\/span><\/p>","protected":false},"excerpt":{"rendered":"<p><span style=\"font-weight: 400;\">Suositeltu p\u00e4iv\u00e4annos: 10\u201330 tippaa. <\/span><span style=\"font-weight: 400;\">\u00c4l\u00e4 ylit\u00e4 suositeltua p\u00e4iv\u00e4annosta.\u00a0<\/span><span style=\"font-weight: 400;\">Ravintolisi\u00e4 ei tule k\u00e4ytt\u00e4\u00e4 monipuolisen ruokavalion korvikkeena. <\/span><\/p>","protected":false},"featured_media":737,"comment_status":"open","ping_status":"closed","template":"","meta":[],"product_brand":[],"product_cat":[19],"product_tag":[],"class_list":{"0":"post-151","1":"product","2":"type-product","3":"status-publish","4":"has-post-thumbnail","6":"product_cat-horses","8":"first","9":"instock","10":"shipping-taxable","11":"purchasable","12":"product-type-simple"},"_links":{"self":[{"href":"https:\/\/www.tailsup.co\/fi\/wp-json\/wp\/v2\/product\/151","targetHints":{"allow":["GET"]}}],"collection":[{"href":"https:\/\/www.tailsup.co\/fi\/wp-json\/wp\/v2\/product"}],"about":[{"href":"https:\/\/www.tailsup.co\/fi\/wp-json\/wp\/v2\/types\/product"}],"replies":[{"embeddable":true,"href":"https:\/\/www.tailsup.co\/fi\/wp-json\/wp\/v2\/comments?post=151"}],"wp:featuredmedia":[{"embeddable":true,"href":"https:\/\/www.tailsup.co\/fi\/wp-json\/wp\/v2\/media\/737"}],"wp:attachment":[{"href":"https:\/\/www.tailsup.co\/fi\/wp-json\/wp\/v2\/media?parent=151"}],"wp:term":[{"taxonomy":"product_brand","embeddable":true,"href":"https:\/\/www.tailsup.co\/fi\/wp-json\/wp\/v2\/product_brand?post=151"},{"taxonomy":"product_cat","embeddable":true,"href":"https:\/\/www.tailsup.co\/fi\/wp-json\/wp\/v2\/product_cat?post=151"},{"taxonomy":"product_tag","embeddable":true,"href":"https:\/\/www.tailsup.co\/fi\/wp-json\/wp\/v2\/product_tag?post=151"}],"curies":[{"name":"wp","href":"https:\/\/api.w.org\/{rel}","templated":true}]}}