{"id":144,"date":"2024-10-03T21:41:24","date_gmt":"2024-10-03T21:41:24","guid":{"rendered":"https:\/\/www.tailsup.co\/?post_type=product&#038;p=144"},"modified":"2025-01-26T18:08:03","modified_gmt":"2025-01-26T15:08:03","slug":"organic-black-cumin-seed-oil-250ml","status":"publish","type":"product","link":"https:\/\/www.tailsup.co\/fi\/tuote\/organic-black-cumin-seed-oil-250ml\/","title":{"rendered":"Luomu mustakumina\u00f6ljy - 250 ml"},"content":{"rendered":"<p><span style=\"color: #511932;\"><b>Ravintosis\u00e4lt\u00f6:<\/b><\/span><\/p>\n<ul>\n<li style=\"font-weight: 400;\" aria-level=\"1\"><span style=\"font-weight: 400;\">Luomu mustakuminansiemen\u00f6ljy 100 %<\/span><\/li>\n<\/ul>\n<p>&nbsp;<\/p>\n<p><span style=\"font-weight: 400;\">Luomu mustakuminansiemen\u00f6ljymme on puhdas ja luonnollinen ravintolis\u00e4, joka tukee hevosesi kokonaisvaltaista terveytt\u00e4 ja hyvinvointia. Se on t\u00e4ynn\u00e4 t\u00e4rkeit\u00e4 rasvahappoja ja voimakkaita antioksidantteja, jotka vahvistavat immuunij\u00e4rjestelm\u00e4\u00e4, tukevat hengitysteiden terveytt\u00e4, parantavat ruoansulatusta ja edist\u00e4v\u00e4t kiilt\u00e4v\u00e4\u00e4 karvapeitett\u00e4.<\/span><\/p>\n<p><span style=\"font-weight: 400;\">\u00d6ljymme valmistetaan vastuullisesti luomuviljellyist\u00e4 mustakuminansiemenist\u00e4, mik\u00e4 takaa parhaan laadun ja kest\u00e4vyyden. Sopii kaikenik\u00e4isille hevosille \u2013 se auttaa v\u00e4hent\u00e4m\u00e4\u00e4n tulehduksia, tukee hengitysteiden terveytt\u00e4 ja edist\u00e4\u00e4 ihon hyvinvointia.<\/span><\/p>\n<p><span style=\"font-weight: 400;\">Helppok\u00e4ytt\u00f6inen: \u00f6ljy voidaan lis\u00e4t\u00e4 suoraan hevosen rehuun, mik\u00e4 tekee siit\u00e4 k\u00e4tev\u00e4n ja tehokkaan osan hevosesi p\u00e4ivitt\u00e4ist\u00e4 ruokavaliota.<\/span><\/p>","protected":false},"excerpt":{"rendered":"<p>Recommended daily intake: 30-60 ml.\u00a0Do not exceed the recommended daily dosage.\u00a0Supplements should not be used as a substitute for a healthy diet.<\/p>","protected":false},"featured_media":684,"comment_status":"open","ping_status":"closed","template":"","meta":[],"product_brand":[],"product_cat":[19],"product_tag":[],"class_list":{"0":"post-144","1":"product","2":"type-product","3":"status-publish","4":"has-post-thumbnail","6":"product_cat-horses","8":"first","9":"instock","10":"shipping-taxable","11":"purchasable","12":"product-type-simple"},"_links":{"self":[{"href":"https:\/\/www.tailsup.co\/fi\/wp-json\/wp\/v2\/product\/144","targetHints":{"allow":["GET"]}}],"collection":[{"href":"https:\/\/www.tailsup.co\/fi\/wp-json\/wp\/v2\/product"}],"about":[{"href":"https:\/\/www.tailsup.co\/fi\/wp-json\/wp\/v2\/types\/product"}],"replies":[{"embeddable":true,"href":"https:\/\/www.tailsup.co\/fi\/wp-json\/wp\/v2\/comments?post=144"}],"wp:featuredmedia":[{"embeddable":true,"href":"https:\/\/www.tailsup.co\/fi\/wp-json\/wp\/v2\/media\/684"}],"wp:attachment":[{"href":"https:\/\/www.tailsup.co\/fi\/wp-json\/wp\/v2\/media?parent=144"}],"wp:term":[{"taxonomy":"product_brand","embeddable":true,"href":"https:\/\/www.tailsup.co\/fi\/wp-json\/wp\/v2\/product_brand?post=144"},{"taxonomy":"product_cat","embeddable":true,"href":"https:\/\/www.tailsup.co\/fi\/wp-json\/wp\/v2\/product_cat?post=144"},{"taxonomy":"product_tag","embeddable":true,"href":"https:\/\/www.tailsup.co\/fi\/wp-json\/wp\/v2\/product_tag?post=144"}],"curies":[{"name":"wp","href":"https:\/\/api.w.org\/{rel}","templated":true}]}}