{"id":421,"date":"2024-10-05T23:47:35","date_gmt":"2024-10-05T20:47:35","guid":{"rendered":"https:\/\/www.tailsup.co\/?page_id=421"},"modified":"2025-02-10T14:28:51","modified_gmt":"2025-02-10T11:28:51","slug":"terms-and-conditions","status":"publish","type":"page","link":"https:\/\/www.tailsup.co\/fi\/terms-and-conditions\/","title":{"rendered":"Sopimusehdot"},"content":{"rendered":"<div data-elementor-type=\"wp-page\" data-elementor-id=\"421\" class=\"elementor elementor-421\" data-elementor-post-type=\"page\">\n\t\t\t\t<div class=\"elementor-element elementor-element-ed7210a e-flex e-con-boxed e-con e-parent\" data-id=\"ed7210a\" data-element_type=\"container\" data-e-type=\"container\" data-settings=\"{&quot;background_background&quot;:&quot;classic&quot;,&quot;jet_parallax_layout_list&quot;:[],&quot;_ob_use_container_extras&quot;:&quot;no&quot;,&quot;_ob_column_hoveranimator&quot;:&quot;no&quot;,&quot;_ob_glider_is_slider&quot;:&quot;no&quot;,&quot;_ob_column_has_pseudo&quot;:&quot;no&quot;}\">\n\t\t\t\t\t<div class=\"e-con-inner\">\n\t\t\t\t<div class=\"elementor-element elementor-element-65cd8b0 ob-harakiri-inherit ob-has-background-overlay elementor-widget elementor-widget-heading\" data-id=\"65cd8b0\" data-element_type=\"widget\" data-e-type=\"widget\" data-settings=\"{&quot;_ob_use_harakiri&quot;:&quot;yes&quot;,&quot;_ob_harakiri_writing_mode&quot;:&quot;inherit&quot;,&quot;_ob_harakiri_text_clip&quot;:&quot;none&quot;,&quot;_ob_perspektive_use&quot;:&quot;no&quot;,&quot;_ob_poopart_use&quot;:&quot;yes&quot;,&quot;_ob_shadough_use&quot;:&quot;no&quot;,&quot;_ob_allow_hoveranimator&quot;:&quot;no&quot;,&quot;_ob_widget_stalker_use&quot;:&quot;no&quot;}\" data-widget_type=\"heading.default\">\n\t\t\t\t<div class=\"elementor-widget-container\">\n\t\t\t\t\t<h2 class=\"elementor-heading-title elementor-size-default\">Sopimusehdot<\/h2>\t\t\t\t<\/div>\n\t\t\t\t<\/div>\n\t\t\t\t\t<\/div>\n\t\t\t\t<\/div>\n\t\t<div class=\"elementor-element elementor-element-0f48359 e-flex e-con-boxed e-con e-parent\" data-id=\"0f48359\" data-element_type=\"container\" data-e-type=\"container\" data-settings=\"{&quot;jet_parallax_layout_list&quot;:[],&quot;_ob_use_container_extras&quot;:&quot;no&quot;,&quot;_ob_column_hoveranimator&quot;:&quot;no&quot;,&quot;_ob_glider_is_slider&quot;:&quot;no&quot;,&quot;_ob_column_has_pseudo&quot;:&quot;no&quot;}\">\n\t\t\t\t\t<div class=\"e-con-inner\">\n\t\t\t\t<div class=\"elementor-element elementor-element-f776f2b ob-harakiri-inherit ob-has-background-overlay elementor-widget elementor-widget-text-editor\" data-id=\"f776f2b\" data-element_type=\"widget\" data-e-type=\"widget\" data-settings=\"{&quot;_ob_use_harakiri&quot;:&quot;yes&quot;,&quot;_ob_harakiri_writing_mode&quot;:&quot;inherit&quot;,&quot;_ob_postman_use&quot;:&quot;no&quot;,&quot;_ob_perspektive_use&quot;:&quot;no&quot;,&quot;_ob_poopart_use&quot;:&quot;yes&quot;,&quot;_ob_shadough_use&quot;:&quot;no&quot;,&quot;_ob_allow_hoveranimator&quot;:&quot;no&quot;,&quot;_ob_widget_stalker_use&quot;:&quot;no&quot;}\" data-widget_type=\"text-editor.default\">\n\t\t\t\t<div class=\"elementor-widget-container\">\n\t\t\t\t\t\t\t\t\t<p><\/p>\n<p><strong>Myyntisopimuksen voimassaolo, tuotteet ja hintatiedot<\/strong><\/p>\n<p>N\u00e4m\u00e4 myyntiehdot koskevat verkkokaupan kautta ostettavia tuotteita<\/p>\n<p>Verkkokaupassa myyt\u00e4vien tuotteiden hinnat esitet\u00e4\u00e4n kunkin tuotteen yhteydess\u00e4. Tuotteiden hintaan lis\u00e4t\u00e4\u00e4n toimituskulut. Kaikki verkkokaupassa myyt\u00e4vien tuotteiden hinnat ovat euroina (EUR).<\/p>\n<p>Toimituskulut riippuvat ostajan sijainnista ja valitusta toimitustavasta. Toimituskulut n\u00e4ytet\u00e4\u00e4n ostajalle tilauksen yhteydess\u00e4.<\/p>\n<p>Tietoa tuotteista annetaan verkkokaupassa suoraan kunkin tuotteen yhteydess\u00e4.<\/p>\n<p><strong>Tilaaminen<\/strong><\/p>\n<p>Tilatakseen tuotteet ostajan tulee lis\u00e4t\u00e4 halutut tuotteet ostoskoriin. Tilaus tehd\u00e4\u00e4n t\u00e4ytt\u00e4m\u00e4ll\u00e4 tarvittavat tiedot ja valitsemalla sopiva toimitustapa. Ruudulle tulee sen j\u00e4lkeen n\u00e4kyviin maksettava summa, joka voidaan maksaa turvallisesti seuraavilla maksutavoilla:<\/p>\n<p>Pankkimaksu: Citadele<br>Visa \/ Mastercard -korttimaksut (v\u00e4litt\u00e4j\u00e4n\u00e4 Stripe)<\/p>\n<p>Huom! Kun maksat pankkilinkin kautta, muista lopuksi klikata pankin sivulla \u201dBack to Merchant\u201d -painiketta.<\/p>\n<p>Maksujen v\u00e4litt\u00e4j\u00e4n\u00e4 toimii Montonio Finance UAB. Maksaminen tapahtuu verkkokaupan ulkopuolella turvallisessa ymp\u00e4rist\u00f6ss\u00e4 \u2013 pankkilinkkimaksu tehd\u00e4\u00e4n kyseisen pankin turvallisessa ymp\u00e4rist\u00f6ss\u00e4, kun taas korttimaksu hoidetaan Montonio Finance UAB:n turvallisessa ymp\u00e4rist\u00f6ss\u00e4. Myyj\u00e4ll\u00e4 ei ole p\u00e4\u00e4sy\u00e4 asiakkaan pankki- tai korttitietoihin. Sopimus astuu voimaan, kun maksettava summa on saapunut verkkokaupan tilille.<\/p>\n<p>Verkkokaupan omistaja on henkil\u00f6tietojen p\u00e4\u00e4asiallinen k\u00e4sittelij\u00e4 ja v\u00e4litt\u00e4\u00e4 maksujen tekemiseen tarvittavat henkil\u00f6tiedot valtuutetulle k\u00e4sittelij\u00e4lle, Montonio Finance UAB:lle.<\/p>\n<p>Jos tilattuja tuotteita ei voida toimittaa esimerkiksi tuotteiden loppumisen tai muun syyn vuoksi, ostajalle ilmoitetaan asiasta mahdollisimman pian. Ostajalle palautetaan maksettu summa (sis\u00e4lt\u00e4en toimituskulut) v\u00e4litt\u00f6m\u00e4sti, kuitenkin viimeist\u00e4\u00e4n 14 p\u00e4iv\u00e4n kuluessa ilmoituksen l\u00e4hett\u00e4misest\u00e4.<\/p>\n<p><strong>Toimitus<\/strong><\/p>\n<p>Tuotteita toimitetaan seuraaviin maihin: Euroopan unioni.<\/p>\n<p>Ostajalla on seuraavat vaihtoehdot vastaanottaa tuotteet:<br>Omniva-pakettiautomaatit<br>Itella SmartPost -pakettiautomaatit<\/p>\n<p>Ostaja maksaa toimituskulut, ja vastaavat hintatiedot esitet\u00e4\u00e4n toimitustavan yhteydess\u00e4.<\/p>\n<p>Toimitukset EU-alueella suoritetaan 10 kalenterip\u00e4iv\u00e4n kuluessa.<\/p>\n<p>Poikkeustapauksissa myyj\u00e4ll\u00e4 on oikeus toimittaa tuotteet enint\u00e4\u00e4n 45 kalenterip\u00e4iv\u00e4n kuluessa.<\/p>\n<p><strong><br>Peruutusoikeus<\/strong><\/p>\n<p>Tilauksen vastaanottamisen j\u00e4lkeen ostajalla on oikeus perua verkkokaupassa tehty sopimus 14 p\u00e4iv\u00e4n kuluessa.<\/p>\n<p>Peruutusoikeus ei koske ostajaa, joka on oikeushenkil\u00f6.<\/p>\n<p>K\u00e4ytt\u00e4\u00e4kseen 14 p\u00e4iv\u00e4n palautusoikeutta ostettuja tavaroita ei saa k\u00e4ytt\u00e4\u00e4 muulla tavoin kuin mik\u00e4 on tarpeen tavaroiden luonteen, ominaisuuksien ja toiminnan tarkistamiseksi samalla tavalla kuin tuotteita testattaisiin myym\u00e4l\u00e4ss\u00e4.<\/p>\n<p>Jos tavaroita on k\u00e4ytetty muulla kuin edell\u00e4 kuvatulla tavalla tavaroiden luonteen, ominaisuuksien ja toiminnan varmistamiseksi, tai niiss\u00e4 on k\u00e4yt\u00f6n tai kulumisen merkkej\u00e4, verkkokauppa voi alentaa palautettavaa summaa tavaran arvonalennusta vastaavasti.<\/p>\n<p>Palautusta varten ostajan on t\u00e4ytett\u00e4v\u00e4 peruutuslomake (linkki lomakkeeseen) ja l\u00e4hetett\u00e4v\u00e4 se s\u00e4hk\u00f6postitse osoitteeseen info@tailsup.co viimeist\u00e4\u00e4n 14 p\u00e4iv\u00e4n kuluessa tavaroiden vastaanottamisesta.<\/p>\n<p>Ostaja maksaa tavaroiden palautuskustannukset, paitsi jos palautuksen syyn\u00e4 on se, ett\u00e4 vastaanotettu tuote on virheellinen tai eri kuin tilattu tuote.<\/p>\n<p>Ostajan on palautettava tavarat 14 p\u00e4iv\u00e4n kuluessa peruutusilmoituksen toimittamisesta tai toimitettava todiste siit\u00e4, ett\u00e4 tavarat on luovutettu kuljetusliikkeelle mainitun ajan kuluessa.<\/p>\n<p>Kun verkkokauppa on vastaanottanut palautetut tavarat, se palauttaa ostajalle viipym\u00e4tt\u00e4, kuitenkin viimeist\u00e4\u00e4n 14 p\u00e4iv\u00e4n kuluessa peruutusilmoituksen vastaanottamisesta, kaikki sopimuksen perusteella ostajalta saadut maksut.<\/p>\n<p>Verkkokauppa voi kielt\u00e4yty\u00e4 hyvitt\u00e4m\u00e4st\u00e4 maksua, kunnes se on saanut takaisin peruutuksen kohteena olevat tavarat tai kunnes ostaja on toimittanut tositteen tavaran palauttamisesta \u2013 n\u00e4ist\u00e4 kahdesta aiempi ajankohta on m\u00e4\u00e4r\u00e4\u00e4v\u00e4.<\/p>\n<p>Jos ostaja on nimenomaisesti valinnut muun kuin verkkokaupan tarjoaman edullisimman vakituisen toimitustavan, verkkokaupalla ei ole velvollisuutta korvata kuluttajalle t\u00e4st\u00e4 aiheutuvia lis\u00e4kustannuksia.<\/p>\n<p>Verkkokaupalla on oikeus perua kauppa ja vaatia tavaroiden palauttamista ostajalta, jos verkkokaupassa annetun tuotteeseen liittyv\u00e4n hinnan virheen vuoksi hinta on merkitt\u00e4v\u00e4sti alempi kuin tuotteen yleinen markkinahinta.<\/p>\n<p><strong><br>Virhevastuu ja reklamaatiot<\/strong><\/p>\n<p>Verkkokauppa vastaa ostajalle myytyjen tavaroiden sopimuksenmukaisuudesta ja virheett\u00f6myydest\u00e4, joka on ollut olemassa tavaroiden luovutushetkell\u00e4 ja joka ilmenee kahden vuoden kuluessa tavaran luovutuksesta ostajalle. Mik\u00e4li virhe ilmenee ensimm\u00e4isten kuuden kuukauden aikana luovutuksesta, oletetaan, ett\u00e4 virhe oli olemassa jo luovutushetkell\u00e4. Verkkokauppa on vastuussa t\u00e4m\u00e4n olettaman kumoamisesta.<\/p>\n<p>Ostajan tulee ilmoittaa virheest\u00e4 verkkokaupalle viimeist\u00e4\u00e4n kahden kuukauden kuluessa havaitsemisesta l\u00e4hett\u00e4m\u00e4ll\u00e4 s\u00e4hk\u00f6postia osoitteeseen info@tailsup.co<br>Verkkokauppa ei vastaa virheist\u00e4, jotka ilmenev\u00e4t sen j\u00e4lkeen, kun tavara on luovutettu ostajalle.<\/p>\n<p>Jos verkkokaupasta ostetussa tuotteessa on virhe, josta verkkokauppa on vastuussa, verkkokauppa korjaa tai vaihtaa viallisen tuotteen. Jos tuotetta ei voida korjata tai vaihtaa, verkkokauppa palauttaa ostajalle kaikki myyntisopimukseen liittyv\u00e4t maksut.<br>Verkkokauppa vastaa kuluttajan reklamaatioon kirjallisesti tai kirjallisesti todennettavassa muodossa 15 p\u00e4iv\u00e4n kuluessa.<\/p>\n<p><strong><br>Suoramarkkinointi ja henkil\u00f6tietojen k\u00e4sittely<\/strong><\/p>\n<p>Verkkokauppa k\u00e4ytt\u00e4\u00e4 ostajan antamia henkil\u00f6tietoja vain tilauksen k\u00e4sittelyyn ja tavaroiden toimittamiseen ostajalle. Verkkokauppa v\u00e4litt\u00e4\u00e4 henkil\u00f6tietoja kuljetuspalvelua tarjoaville yrityksille ainoastaan tuotteiden toimittamiseksi.<\/p>\n<p>Verkkokauppa l\u00e4hett\u00e4\u00e4 uutiskirjeit\u00e4 ja tarjouksia ostajan s\u00e4hk\u00f6postiosoitteeseen vain, jos ostaja on itse antanut siihen suostumuksensa (esim. sy\u00f6tt\u00e4nyt s\u00e4hk\u00f6postiosoitteensa verkkosivustolle ja valinnut haluavansa suoramarkkinointiviestej\u00e4).<\/p>\n<p>Ostaja voi perua uutiskirjeet ja tarjoukset koska tahansa ilmoittamalla asiasta s\u00e4hk\u00f6postitse tai seuraamalla s\u00e4hk\u00f6postissa olevia ohjeita.<\/p>\n<p><strong><br>Riidanratkaisu<\/strong><\/p>\n<p>Jos ostajalla on huomautettavaa verkkokaupasta, reklamaatiot voi l\u00e4hett\u00e4\u00e4 s\u00e4hk\u00f6postitse osoitteeseen info@tailsup.co&nbsp;<\/p>\n<p>Mik\u00e4li ostaja ja verkkokauppa eiv\u00e4t pysty ratkaisemaan erimielisyytt\u00e4 keskin\u00e4isell\u00e4 sopimuksella, ostaja voi k\u00e4\u00e4nty\u00e4 kuluttajariitalautakunnan puoleen. Menettelyn ehdot l\u00f6ytyv\u00e4t ja hakemuksen voi tehd\u00e4&nbsp;<a href=\"https:\/\/komisjon.ee\/et\/avalduse-esitamine\" target=\"_blank\" rel=\"noopener\">t\u00e4\u00e4lt\u00e4<\/a>Kuluttajariitalautakunta on toimivaltainen k\u00e4sittelem\u00e4\u00e4n ostajan ja verkkokaupan v\u00e4lisest\u00e4 sopimuksesta aiheutuvia riitoja. Ostajan valituksen k\u00e4sittely lautakunnassa on maksutonta.<\/p>\n<p>Ostaja voi k\u00e4\u00e4nty\u00e4 my\u00f6s&nbsp;<a href=\"https:\/\/ec.europa.eu\/consumers\/odr\/main\/index.cfm?event=main.home2.show&amp;lng=ET\" target=\"_blank\" rel=\"noopener\">EU:n verkkov\u00e4litteiseen riidanratkaisuun.<\/a>.<\/p>\t\t\t\t\t\t\t\t<\/div>\n\t\t\t\t<\/div>\n\t\t\t\t\t<\/div>\n\t\t\t\t<\/div>\n\t\t\t\t<\/div>","protected":false},"excerpt":{"rendered":"<p>Terms and Conditions Validity of the sales contract, goods and price information The terms of sale apply to the purchase of goods from the Online Store. The prices of the products sold in the online store are indicated next to the products. A fee for the delivery of the goods is added to the price. [&hellip;]<\/p>\n","protected":false},"author":1,"featured_media":0,"parent":0,"menu_order":0,"comment_status":"closed","ping_status":"closed","template":"","meta":{"footnotes":""},"class_list":["post-421","page","type-page","status-publish","hentry"],"_links":{"self":[{"href":"https:\/\/www.tailsup.co\/fi\/wp-json\/wp\/v2\/pages\/421","targetHints":{"allow":["GET"]}}],"collection":[{"href":"https:\/\/www.tailsup.co\/fi\/wp-json\/wp\/v2\/pages"}],"about":[{"href":"https:\/\/www.tailsup.co\/fi\/wp-json\/wp\/v2\/types\/page"}],"author":[{"embeddable":true,"href":"https:\/\/www.tailsup.co\/fi\/wp-json\/wp\/v2\/users\/1"}],"replies":[{"embeddable":true,"href":"https:\/\/www.tailsup.co\/fi\/wp-json\/wp\/v2\/comments?post=421"}],"version-history":[{"count":5,"href":"https:\/\/www.tailsup.co\/fi\/wp-json\/wp\/v2\/pages\/421\/revisions"}],"predecessor-version":[{"id":876,"href":"https:\/\/www.tailsup.co\/fi\/wp-json\/wp\/v2\/pages\/421\/revisions\/876"}],"wp:attachment":[{"href":"https:\/\/www.tailsup.co\/fi\/wp-json\/wp\/v2\/media?parent=421"}],"curies":[{"name":"wp","href":"https:\/\/api.w.org\/{rel}","templated":true}]}}