{"id":3,"date":"2024-10-02T10:47:08","date_gmt":"2024-10-02T10:47:08","guid":{"rendered":"https:\/\/www.tailsup.co\/?page_id=3"},"modified":"2025-02-10T14:28:23","modified_gmt":"2025-02-10T11:28:23","slug":"privacy-policy","status":"publish","type":"page","link":"https:\/\/www.tailsup.co\/fi\/privacy-policy\/","title":{"rendered":"Tietosuojak\u00e4yt\u00e4nt\u00f6"},"content":{"rendered":"<div data-elementor-type=\"wp-page\" data-elementor-id=\"3\" class=\"elementor elementor-3\" data-elementor-post-type=\"page\">\n\t\t\t\t<div class=\"elementor-element elementor-element-40c7560 e-flex e-con-boxed e-con e-parent\" data-id=\"40c7560\" data-element_type=\"container\" data-e-type=\"container\" data-settings=\"{&quot;background_background&quot;:&quot;classic&quot;,&quot;jet_parallax_layout_list&quot;:[],&quot;_ob_use_container_extras&quot;:&quot;no&quot;,&quot;_ob_column_hoveranimator&quot;:&quot;no&quot;,&quot;_ob_glider_is_slider&quot;:&quot;no&quot;,&quot;_ob_column_has_pseudo&quot;:&quot;no&quot;}\">\n\t\t\t\t\t<div class=\"e-con-inner\">\n\t\t\t\t<div class=\"elementor-element elementor-element-0b55f76 ob-harakiri-inherit ob-has-background-overlay elementor-widget elementor-widget-heading\" data-id=\"0b55f76\" data-element_type=\"widget\" data-e-type=\"widget\" data-settings=\"{&quot;_ob_use_harakiri&quot;:&quot;yes&quot;,&quot;_ob_harakiri_writing_mode&quot;:&quot;inherit&quot;,&quot;_ob_harakiri_text_clip&quot;:&quot;none&quot;,&quot;_ob_perspektive_use&quot;:&quot;no&quot;,&quot;_ob_poopart_use&quot;:&quot;yes&quot;,&quot;_ob_shadough_use&quot;:&quot;no&quot;,&quot;_ob_allow_hoveranimator&quot;:&quot;no&quot;,&quot;_ob_widget_stalker_use&quot;:&quot;no&quot;}\" data-widget_type=\"heading.default\">\n\t\t\t\t<div class=\"elementor-widget-container\">\n\t\t\t\t\t<h2 class=\"elementor-heading-title elementor-size-default\">Tietosuojak\u00e4yt\u00e4nt\u00f6<\/h2>\t\t\t\t<\/div>\n\t\t\t\t<\/div>\n\t\t\t\t\t<\/div>\n\t\t\t\t<\/div>\n\t\t<div class=\"elementor-element elementor-element-55a6961b e-flex e-con-boxed e-con e-parent\" data-id=\"55a6961b\" data-element_type=\"container\" data-e-type=\"container\" data-settings=\"{&quot;jet_parallax_layout_list&quot;:[],&quot;_ob_use_container_extras&quot;:&quot;no&quot;,&quot;_ob_column_hoveranimator&quot;:&quot;no&quot;,&quot;_ob_glider_is_slider&quot;:&quot;no&quot;,&quot;_ob_column_has_pseudo&quot;:&quot;no&quot;}\">\n\t\t\t\t\t<div class=\"e-con-inner\">\n\t\t\t\t<div class=\"elementor-element elementor-element-41650446 ob-harakiri-inherit ob-has-background-overlay elementor-widget elementor-widget-text-editor\" data-id=\"41650446\" data-element_type=\"widget\" data-e-type=\"widget\" data-settings=\"{&quot;_ob_use_harakiri&quot;:&quot;yes&quot;,&quot;_ob_harakiri_writing_mode&quot;:&quot;inherit&quot;,&quot;_ob_postman_use&quot;:&quot;no&quot;,&quot;_ob_perspektive_use&quot;:&quot;no&quot;,&quot;_ob_poopart_use&quot;:&quot;yes&quot;,&quot;_ob_shadough_use&quot;:&quot;no&quot;,&quot;_ob_allow_hoveranimator&quot;:&quot;no&quot;,&quot;_ob_widget_stalker_use&quot;:&quot;no&quot;}\" data-widget_type=\"text-editor.default\">\n\t\t\t\t<div class=\"elementor-widget-container\">\n\t\t\t\t\t\t\t\t\t<p><\/p>\n<p><strong>1. Yleiset s\u00e4\u00e4nn\u00f6kset<\/strong><\/p>\n<p>1.1. T\u00e4m\u00e4 tietosuojak\u00e4yt\u00e4nt\u00f6 m\u00e4\u00e4rittelee periaatteet, joiden mukaisesti henkil\u00f6tietoja ker\u00e4t\u00e4\u00e4n, k\u00e4sitell\u00e4\u00e4n ja s\u00e4ilytet\u00e4\u00e4n.&nbsp;<\/p>\n<p>1.2. Tietosuojak\u00e4yt\u00e4nn\u00f6n mukaisesti rekister\u00f6idyll\u00e4 tarkoitetaan asiakasta tai muuta luonnollista henkil\u00f6\u00e4, jonka henkil\u00f6tietoja rekisterinpit\u00e4j\u00e4 k\u00e4sittelee<\/p>\n<p>1.3. Asiakkaalla tarkoitetaan t\u00e4ss\u00e4 tietosuojak\u00e4yt\u00e4nn\u00f6ss\u00e4 henkil\u00f6\u00e4, joka ostaa tavaroita tai palveluita rekisterinpit\u00e4j\u00e4n verkkosivustolta.<\/p>\n<p>1.4. Tietojen k\u00e4sittelyss\u00e4 noudatetaan tietosuojalains\u00e4\u00e4d\u00e4nt\u00f6\u00e4. Rekisterinpit\u00e4j\u00e4 k\u00e4sittelee henkil\u00f6tietoja lainmukaisesti, reilusti ja turvallisesti sek\u00e4 kykenee osoittamaan, ett\u00e4 tietoja on k\u00e4sitelty lain edellytt\u00e4m\u00e4ll\u00e4 tavalla.<\/p>\n<p><strong>2. Henkil\u00f6tietojen ker\u00e4\u00e4minen, k\u00e4sittely ja s\u00e4ilytt\u00e4minen<\/strong><\/p>\n<p>2.1. Rekisterinpit\u00e4j\u00e4n ker\u00e4\u00e4m\u00e4t, k\u00e4sittelem\u00e4t ja s\u00e4ilytt\u00e4m\u00e4t henkil\u00f6tiedot ker\u00e4t\u00e4\u00e4n s\u00e4hk\u00f6isesti, p\u00e4\u00e4asiassa verkkosivuston ja s\u00e4hk\u00f6postin v\u00e4lityksell\u00e4<\/p>\n<p>2.2. Luovuttamalla henkil\u00f6tietonsa rekister\u00f6ity antaa rekisterinpit\u00e4j\u00e4lle oikeuden ker\u00e4t\u00e4, j\u00e4rjest\u00e4\u00e4, k\u00e4ytt\u00e4\u00e4 ja hallinnoida tietosuojak\u00e4yt\u00e4nn\u00f6ss\u00e4 mainittuja henkil\u00f6tietoja, jotka rekister\u00f6ity on suoraan tai v\u00e4lillisesti toimittanut rekisterinpit\u00e4j\u00e4lle ostaessaan tuotteita tai palveluita verkkosivuston kautta.<\/p>\n<p>2.3. Rekister\u00f6ity vastaa antamiensa tietojen oikeellisuudesta, paikkansapit\u00e4vyydest\u00e4 ja t\u00e4ydellisyydest\u00e4. Tahallinen v\u00e4\u00e4rien tietojen antaminen rikkoo t\u00e4t\u00e4 tietosuojak\u00e4yt\u00e4nt\u00f6\u00e4. Rekister\u00f6idyn on ilmoitettava v\u00e4litt\u00f6m\u00e4sti kaikista muutoksista antamiinsa tietoihin.<\/p>\n<p>2.4. Rekisterinpit\u00e4j\u00e4 ei vastaa vahingoista, joita rekister\u00f6idylle tai kolmansille osapuolille aiheutuu rekister\u00f6idyn antamien virheellisten tietojen perusteella.<\/p>\n<p><strong>3. Asiakkaiden henkil\u00f6tietojen k\u00e4sittely<\/strong><\/p>\n<p>3.1 Rekisterinpit\u00e4j\u00e4 voi k\u00e4sitell\u00e4 seuraavia rekister\u00f6idyn henkil\u00f6tietoja:<\/p>\n<p>3.1.1. Etu- ja sukunimi<\/p>\n<p>3.1.2. Syntym\u00e4aika<\/p>\n<p>3.1.3. Puhelinnumero<\/p>\n<p>3.1.4. S\u00e4hk\u00f6postiosoite<\/p>\n<p>3.1.5. Toimitusosoite<\/p>\n<p>3.1.6. Pankkitilin numero;<\/p>\n<p>3.1.7. Maksukortin tiedot;<\/p>\n<p>3.2. Edell\u00e4 mainittujen tietojen lis\u00e4ksi rekisterinpit\u00e4j\u00e4ll\u00e4 on oikeus ker\u00e4t\u00e4 rekister\u00f6idyst\u00e4 tietoja, jotka ovat saatavilla julkisista rekistereist\u00e4.<\/p>\n<p>3.3. Henkil\u00f6tietojen k\u00e4sittelyn oikeusperuste on EU:n yleisen tietosuoja-asetuksen (GDPR) 6 artiklan 1 kohdan a, b, c ja f:<\/p>\n<p>(a) rekister\u00f6ity on antanut suostumuksensa henkil\u00f6tietojensa k\u00e4sittelyyn yht\u00e4 tai useampaa erityist\u00e4 tarkoitusta varten;<\/p>\n<p>(b) henkil\u00f6tietojen k\u00e4sittely on tarpeen sopimuksen t\u00e4yt\u00e4nt\u00f6\u00f6n panemiseksi, jonka osapuolena rekister\u00f6ity on, tai toimenpiteiden toteuttamiseksi ennen sopimuksen tekemist\u00e4 rekister\u00f6idyn pyynn\u00f6st\u00e4;<\/p>\n<p>(c) henkil\u00f6tietojen k\u00e4sittely on tarpeen rekisterinpit\u00e4j\u00e4lle laissa s\u00e4\u00e4detyn velvoitteen noudattamiseksi;<\/p>\n<p>(f) henkil\u00f6tietojen k\u00e4sittely on tarpeen rekisterinpit\u00e4j\u00e4n tai kolmannen osapuolen oikeutettujen etujen toteuttamiseksi, paitsi silloin kun n\u00e4m\u00e4 edut ovat ristiriidassa rekister\u00f6idyn etujen tai perusoikeuksien ja -vapauksien kanssa, joiden mukaan henkil\u00f6tietoja on suojattava, erityisesti silloin, jos rekister\u00f6ity on lapsi.<\/p>\n<p>3.4. Henkil\u00f6tietojen k\u00e4sittelyn tarkoitukset ja s\u00e4ilytysajat:<\/p>\n<p>3.4.1. Turvallisuus ja suojaus<br>S\u00e4ilytysaika: lain mukaisesti<\/p>\n<p>3.4.2. Tilausten k\u00e4sittely<br>S\u00e4ilytysaika: 5 vuotta<\/p>\n<p>3.4.3. Verkkokauppapalvelun toimivuuden varmistaminen<br>S\u00e4ilytysaika: 5 vuotta<\/p>\n<p>3.4.4. Asiakashallinta<br>S\u00e4ilytysaika: 5 vuotta<\/p>\n<p>3.4.5. Taloustoimet, kirjanpito<br>S\u00e4ilytysaika: lain mukaisesti<\/p>\n<p>3.4.6. Markkinointi<br>S\u00e4ilytysaika: 10 vuotta<\/p>\n<p>3.5. Rekisterinpit\u00e4j\u00e4ll\u00e4 on laillinen oikeus jakaa henkil\u00f6tietoja kolmansille osapuolille, kuten valtuutetuille tietojen k\u00e4sittelij\u00f6ille, kirjanpit\u00e4jille, kuljetus- ja kuriiriyrityksille sek\u00e4 s\u00e4hk\u00f6isi\u00e4 tiedonsiirtopalveluita tarjoaville yrityksille. Rekisterinpit\u00e4j\u00e4 on henkil\u00f6tietojen rekisterinpit\u00e4j\u00e4. Rekisterinpit\u00e4j\u00e4 v\u00e4litt\u00e4\u00e4 maksujen tekemiseen tarvittavat henkil\u00f6tiedot valtuutetulle k\u00e4sittelij\u00e4lle Montonio Finance UAB:lle.<\/p>\n<p>3.6. Rekisterinpit\u00e4j\u00e4n toteuttamat organisatoriset ja tekniset toimenpiteet suojaavat rekister\u00f6idyn henkil\u00f6tietoja tahattomalta tai laittomalta tuhoamiselta, muuttamiselta, paljastamiselta ja muulta laittomalta k\u00e4sittelylt\u00e4.<\/p>\n<p>3.7. Rekisterinpit\u00e4j\u00e4 s\u00e4ilytt\u00e4\u00e4 rekister\u00f6ityjen tietoja k\u00e4sittelyn tarkoituksen mukaisesti, kuitenkin enint\u00e4\u00e4n 10 vuoden ajan.<\/p>\n<p><strong>4. Rekister\u00f6idyn oikeudet<\/strong><\/p>\n<p>4.1. Rekister\u00f6idyll\u00e4 on oikeus saada p\u00e4\u00e4sy omiin henkil\u00f6tietoihinsa ja tarkastaa ne.<\/p>\n<p>4.2. Rekister\u00f6idyll\u00e4 on oikeus saada tietoa henkil\u00f6tietojensa k\u00e4sittelyst\u00e4.<\/p>\n<p>4.3. Rekister\u00f6idyll\u00e4 on oikeus t\u00e4ydent\u00e4\u00e4 tai oikaista virheellisi\u00e4 tietoja<\/p>\n<p>4.4. Jos rekisterinpit\u00e4j\u00e4 k\u00e4sittelee rekister\u00f6idyn henkil\u00f6tietoja rekister\u00f6idyn suostumuksen perusteella, rekister\u00f6ity voi peruuttaa suostumuksensa milloin tahansa.<\/p>\n<p>4.5. Rekister\u00f6ity voi k\u00e4ytt\u00e4\u00e4 verkkokaupan asiakaspalvelua osoitteessa info@tailsup.co k\u00e4ytt\u00e4\u00e4ksesi n\u00e4it\u00e4 oikeuksia.<\/p>\n<p>4.6. Oikeuksiensa suojaamiseksi rekister\u00f6ity voi tehd\u00e4 valituksen tietosuojaviranomaiselle.<\/p>\n<p>5. Loppus\u00e4\u00e4nn\u00f6kset<\/p>\n<p>5.1. N\u00e4m\u00e4 tietosuojak\u00e4yt\u00e4nn\u00f6n ehdot on laadittu EU:n yleisen tietosuoja-asetuksen (EU) 2016\/679 sek\u00e4 sit\u00e4 t\u00e4ydent\u00e4v\u00e4n EU-lains\u00e4\u00e4d\u00e4nn\u00f6n mukaisesti, joka koskee henkil\u00f6tietojen suojaa sek\u00e4 vapaata tietoliikennett\u00e4, ja kumoaa direktiivin 95\/46\/EY.<\/p>\n<p>5.2. Rekisterinpit\u00e4j\u00e4ll\u00e4 on oikeus muuttaa n\u00e4it\u00e4 tietosuojak\u00e4yt\u00e4nn\u00f6n ehtoja osittain tai kokonaan ilmoittamalla muutoksista rekister\u00f6idyille verkkosivustolla www.tailsup.co.<\/p>\t\t\t\t\t\t\t\t<\/div>\n\t\t\t\t<\/div>\n\t\t\t\t\t<\/div>\n\t\t\t\t<\/div>\n\t\t\t\t<\/div>","protected":false},"excerpt":{"rendered":"<p>Privacy Policy 1. General provisions 1.1. This Privacy Policy governs the principles governing the collection, processing and storage of personal information.&nbsp; 1.2. For the purposes of the Privacy Policy, a data subject is a customer or other natural person whose personal data is processed by a data controller. 1.3. For the purposes of the customer [&hellip;]<\/p>\n","protected":false},"author":1,"featured_media":0,"parent":0,"menu_order":0,"comment_status":"closed","ping_status":"open","template":"","meta":{"footnotes":""},"class_list":["post-3","page","type-page","status-publish","hentry"],"_links":{"self":[{"href":"https:\/\/www.tailsup.co\/fi\/wp-json\/wp\/v2\/pages\/3","targetHints":{"allow":["GET"]}}],"collection":[{"href":"https:\/\/www.tailsup.co\/fi\/wp-json\/wp\/v2\/pages"}],"about":[{"href":"https:\/\/www.tailsup.co\/fi\/wp-json\/wp\/v2\/types\/page"}],"author":[{"embeddable":true,"href":"https:\/\/www.tailsup.co\/fi\/wp-json\/wp\/v2\/users\/1"}],"replies":[{"embeddable":true,"href":"https:\/\/www.tailsup.co\/fi\/wp-json\/wp\/v2\/comments?post=3"}],"version-history":[{"count":5,"href":"https:\/\/www.tailsup.co\/fi\/wp-json\/wp\/v2\/pages\/3\/revisions"}],"predecessor-version":[{"id":873,"href":"https:\/\/www.tailsup.co\/fi\/wp-json\/wp\/v2\/pages\/3\/revisions\/873"}],"wp:attachment":[{"href":"https:\/\/www.tailsup.co\/fi\/wp-json\/wp\/v2\/media?parent=3"}],"curies":[{"name":"wp","href":"https:\/\/api.w.org\/{rel}","templated":true}]}}