{"id":20,"date":"2024-10-02T13:29:52","date_gmt":"2024-10-02T13:29:52","guid":{"rendered":"https:\/\/www.tailsup.co\/?page_id=20"},"modified":"2025-02-03T17:39:54","modified_gmt":"2025-02-03T14:39:54","slug":"dogs-and-cats","status":"publish","type":"page","link":"https:\/\/www.tailsup.co\/fi\/dogs-and-cats\/","title":{"rendered":"Dogs and Cats"},"content":{"rendered":"<div data-elementor-type=\"wp-page\" data-elementor-id=\"20\" class=\"elementor elementor-20\" data-elementor-post-type=\"page\">\n\t\t\t\t<div class=\"elementor-element elementor-element-c56ea1d e-flex e-con-boxed e-con e-parent\" data-id=\"c56ea1d\" data-element_type=\"container\" data-e-type=\"container\" data-settings=\"{&quot;background_background&quot;:&quot;classic&quot;,&quot;jet_parallax_layout_list&quot;:[],&quot;_ob_use_container_extras&quot;:&quot;no&quot;,&quot;_ob_column_hoveranimator&quot;:&quot;no&quot;,&quot;_ob_glider_is_slider&quot;:&quot;no&quot;,&quot;_ob_column_has_pseudo&quot;:&quot;no&quot;}\">\n\t\t\t\t\t<div class=\"e-con-inner\">\n\t\t\t\t<div class=\"elementor-element elementor-element-9bd2856 ob-harakiri-inherit ob-has-background-overlay elementor-widget elementor-widget-heading\" data-id=\"9bd2856\" data-element_type=\"widget\" data-e-type=\"widget\" data-settings=\"{&quot;_ob_use_harakiri&quot;:&quot;yes&quot;,&quot;_ob_harakiri_writing_mode&quot;:&quot;inherit&quot;,&quot;_ob_harakiri_text_clip&quot;:&quot;none&quot;,&quot;_ob_perspektive_use&quot;:&quot;no&quot;,&quot;_ob_poopart_use&quot;:&quot;yes&quot;,&quot;_ob_shadough_use&quot;:&quot;no&quot;,&quot;_ob_allow_hoveranimator&quot;:&quot;no&quot;,&quot;_ob_widget_stalker_use&quot;:&quot;no&quot;}\" data-widget_type=\"heading.default\">\n\t\t\t\t<div class=\"elementor-widget-container\">\n\t\t\t\t\t<h2 class=\"elementor-heading-title elementor-size-default\">Huippuluokan hyvinvointisekoitukset lemmikeillesi<\/h2>\t\t\t\t<\/div>\n\t\t\t\t<\/div>\n\t\t\t\t\t<\/div>\n\t\t\t\t<\/div>\n\t\t<div class=\"elementor-element elementor-element-00f08e2 e-flex e-con-boxed e-con e-parent\" data-id=\"00f08e2\" data-element_type=\"container\" data-e-type=\"container\" data-settings=\"{&quot;background_background&quot;:&quot;classic&quot;,&quot;jet_parallax_layout_list&quot;:[],&quot;_ob_use_container_extras&quot;:&quot;no&quot;,&quot;_ob_column_hoveranimator&quot;:&quot;no&quot;,&quot;_ob_glider_is_slider&quot;:&quot;no&quot;,&quot;_ob_column_has_pseudo&quot;:&quot;no&quot;}\">\n\t\t\t\t\t<div class=\"e-con-inner\">\n\t\t<div class=\"elementor-element elementor-element-7bde89e e-con-full e-flex e-con e-child\" data-id=\"7bde89e\" data-element_type=\"container\" data-e-type=\"container\" data-settings=\"{&quot;jet_parallax_layout_list&quot;:[],&quot;_ob_use_container_extras&quot;:&quot;no&quot;,&quot;_ob_column_hoveranimator&quot;:&quot;no&quot;,&quot;_ob_glider_is_slider&quot;:&quot;no&quot;,&quot;_ob_column_has_pseudo&quot;:&quot;no&quot;}\">\n\t\t\t\t<div class=\"elementor-element elementor-element-1ea46ce ob-has-background-overlay elementor-widget elementor-widget-woocommerce-notices\" data-id=\"1ea46ce\" data-element_type=\"widget\" data-e-type=\"widget\" data-settings=\"{&quot;_ob_perspektive_use&quot;:&quot;no&quot;,&quot;_ob_poopart_use&quot;:&quot;yes&quot;,&quot;_ob_shadough_use&quot;:&quot;no&quot;,&quot;_ob_allow_hoveranimator&quot;:&quot;no&quot;,&quot;_ob_widget_stalker_use&quot;:&quot;no&quot;}\" data-widget_type=\"woocommerce-notices.default\">\n\t\t\t\t<div class=\"elementor-widget-container\">\n\t\t\t\t\t\t\t<style>\n\t\t\t.woocommerce-notices-wrapper,\n\t\t\t.woocommerce-message,\n\t\t\t.woocommerce-error,\n\t\t\t.woocommerce-info {\n\t\t\t\tdisplay: none;\n\t\t\t}\n\t\t<\/style>\n\t\t\t\t\t<div class=\"e-woocommerce-notices-wrapper e-woocommerce-notices-wrapper-loading\">\n\t\t\t\t<div class=\"woocommerce-notices-wrapper\"><\/div>\t\t\t<\/div>\n\t\t\t\t\t\t\t<\/div>\n\t\t\t\t<\/div>\n\t\t\t\t<div class=\"elementor-element elementor-element-1ecada0 ob-has-background-overlay elementor-widget elementor-widget-jet-woo-products\" data-id=\"1ecada0\" data-element_type=\"widget\" data-e-type=\"widget\" data-settings=\"{&quot;columns_mobile&quot;:&quot;1&quot;,&quot;columns&quot;:4,&quot;_ob_perspektive_use&quot;:&quot;no&quot;,&quot;_ob_poopart_use&quot;:&quot;yes&quot;,&quot;_ob_shadough_use&quot;:&quot;no&quot;,&quot;_ob_allow_hoveranimator&quot;:&quot;no&quot;,&quot;_ob_widget_stalker_use&quot;:&quot;no&quot;}\" data-widget_type=\"jet-woo-products.default\">\n\t\t\t\t<div class=\"elementor-widget-container\">\n\t\t\t\t\t<div class=\"elementor-jet-woo-products jet-woo-builder\"><div class=\"jet-woo-products jet-woo-products--preset-1 col-row  jet-equal-cols\" data-mobile-hover=\"\" >\n<div class=\"jet-woo-products__item jet-woo-builder-product\" data-product-id=\"159\">\n\t<div class=\"jet-woo-products__inner-box jet-woo-item-overlay-wrap\" data-url=\"https:\/\/www.tailsup.co\/fi\/tuote\/salmon-oil-with-cbd-30ml\/\" >\n\t\t\n<div class=\"jet-woo-product-thumbnail\">\n\t\n\t<a href=\"https:\/\/www.tailsup.co\/fi\/tuote\/salmon-oil-with-cbd-30ml\/\"><img fetchpriority=\"high\" decoding=\"async\" width=\"300\" height=\"300\" src=\"https:\/\/www.tailsup.co\/wp-content\/uploads\/2024\/10\/elixirpets-300x300.jpg\" class=\"attachment-woocommerce_thumbnail size-woocommerce_thumbnail\" alt=\"\" \/><\/a>\n\t<div class=\"jet-woo-product-img-overlay\"><\/div>\n\n\t\n\t<\/div><h5 class=\"jet-woo-product-title\"><a href=\"https:\/\/www.tailsup.co\/fi\/tuote\/salmon-oil-with-cbd-30ml\/\">CBD Lohi\u00f6ljy - 30 ml<\/a><\/h5>\n<div class=\"jet-woo-product-price\">\n\t<span class=\"price\"><span class=\"woocommerce-Price-amount amount\">49,00&nbsp;<span class=\"woocommerce-Price-currencySymbol\">&euro;<\/span><\/span><\/span>\n<\/div>\n<div class=\"jet-woo-product-button\">\n\t<a href=\"\/fi\/wp-json\/wp\/v2\/pages\/20?add-to-cart=159\" aria-describedby=\"woocommerce_loop_add_to_cart_link_describedby_159\" data-quantity=\"1\" class=\"button product_type_simple add_to_cart_button ajax_add_to_cart\" data-product_id=\"159\" data-product_sku=\"\" aria-label=\"Lis\u00e4\u00e4 ostoskoriin: \u201cSalmon Oil with CBD - 30ml\u201d\" rel=\"nofollow\" data-no-translation=\"\" data-trp-gettext=\"\" data-no-translation-aria-label=\"\">Lis\u00e4\u00e4 ostoskoriin<\/a>\t<span id=\"woocommerce_loop_add_to_cart_link_describedby_159\" class=\"screen-reader-text\">\n\t\t\t<\/span>\n<\/div>\n<div class=\"jet-woo-products-cqw-wrapper\">\n\t<\/div>\t<\/div>\n\n\t\t\t<a href=\"https:\/\/www.tailsup.co\/fi\/tuote\/salmon-oil-with-cbd-30ml\/\" class=\"jet-woo-item-overlay-link\"  ><\/a>\n\t<\/div>\n<div class=\"jet-woo-products__item jet-woo-builder-product\" data-product-id=\"157\">\n\t<div class=\"jet-woo-products__inner-box jet-woo-item-overlay-wrap\" data-url=\"https:\/\/www.tailsup.co\/fi\/tuote\/salmon-oil-with-cbd-10ml\/\" >\n\t\t\n<div class=\"jet-woo-product-thumbnail\">\n\t\n\t<a href=\"https:\/\/www.tailsup.co\/fi\/tuote\/salmon-oil-with-cbd-10ml\/\"><img decoding=\"async\" width=\"300\" height=\"300\" src=\"https:\/\/www.tailsup.co\/wp-content\/uploads\/2024\/10\/elixirextravaike-300x300.jpg\" class=\"attachment-woocommerce_thumbnail size-woocommerce_thumbnail\" alt=\"\" \/><\/a>\n\t<div class=\"jet-woo-product-img-overlay\"><\/div>\n\n\t\n\t<\/div><h5 class=\"jet-woo-product-title\"><a href=\"https:\/\/www.tailsup.co\/fi\/tuote\/salmon-oil-with-cbd-10ml\/\">CBD Lohi\u00f6ljy - 10 ml<\/a><\/h5>\n<div class=\"jet-woo-product-price\">\n\t<span class=\"price\"><span class=\"woocommerce-Price-amount amount\">19,00&nbsp;<span class=\"woocommerce-Price-currencySymbol\">&euro;<\/span><\/span><\/span>\n<\/div>\n<div class=\"jet-woo-product-button\">\n\t<a href=\"\/fi\/wp-json\/wp\/v2\/pages\/20?add-to-cart=157\" aria-describedby=\"woocommerce_loop_add_to_cart_link_describedby_157\" data-quantity=\"1\" class=\"button product_type_simple add_to_cart_button ajax_add_to_cart\" data-product_id=\"157\" data-product_sku=\"\" aria-label=\"Lis\u00e4\u00e4 ostoskoriin: \u201cSalmon Oil with CBD - 10ml\u201d\" rel=\"nofollow\" data-no-translation=\"\" data-trp-gettext=\"\" data-no-translation-aria-label=\"\">Lis\u00e4\u00e4 ostoskoriin<\/a>\t<span id=\"woocommerce_loop_add_to_cart_link_describedby_157\" class=\"screen-reader-text\">\n\t\t\t<\/span>\n<\/div>\n<div class=\"jet-woo-products-cqw-wrapper\">\n\t<\/div>\t<\/div>\n\n\t\t\t<a href=\"https:\/\/www.tailsup.co\/fi\/tuote\/salmon-oil-with-cbd-10ml\/\" class=\"jet-woo-item-overlay-link\"  ><\/a>\n\t<\/div>\n<div class=\"jet-woo-products__item jet-woo-builder-product\" data-product-id=\"155\">\n\t<div class=\"jet-woo-products__inner-box jet-woo-item-overlay-wrap\" data-url=\"https:\/\/www.tailsup.co\/fi\/tuote\/salmon-oil-1l\/\" >\n\t\t\n<div class=\"jet-woo-product-thumbnail\">\n\t\n\t<a href=\"https:\/\/www.tailsup.co\/fi\/tuote\/salmon-oil-1l\/\"><img decoding=\"async\" width=\"300\" height=\"300\" src=\"https:\/\/www.tailsup.co\/wp-content\/uploads\/2024\/10\/Salmonoil1l-300x300.jpg\" class=\"attachment-woocommerce_thumbnail size-woocommerce_thumbnail\" alt=\"\" \/><\/a>\n\t<div class=\"jet-woo-product-img-overlay\"><\/div>\n\n\t\n\t<\/div><h5 class=\"jet-woo-product-title\"><a href=\"https:\/\/www.tailsup.co\/fi\/tuote\/salmon-oil-1l\/\">Lohi\u00f6ljy - 1L<\/a><\/h5>\n<div class=\"jet-woo-product-price\">\n\t<span class=\"price\"><span class=\"woocommerce-Price-amount amount\">29,00&nbsp;<span class=\"woocommerce-Price-currencySymbol\">&euro;<\/span><\/span><\/span>\n<\/div>\n<div class=\"jet-woo-product-button\">\n\t<a href=\"\/fi\/wp-json\/wp\/v2\/pages\/20?add-to-cart=155\" aria-describedby=\"woocommerce_loop_add_to_cart_link_describedby_155\" data-quantity=\"1\" class=\"button product_type_simple add_to_cart_button ajax_add_to_cart\" data-product_id=\"155\" data-product_sku=\"\" aria-label=\"Lis\u00e4\u00e4 ostoskoriin: \u201cSalmon Oil - 1L\u201d\" rel=\"nofollow\" data-no-translation=\"\" data-trp-gettext=\"\" data-no-translation-aria-label=\"\">Lis\u00e4\u00e4 ostoskoriin<\/a>\t<span id=\"woocommerce_loop_add_to_cart_link_describedby_155\" class=\"screen-reader-text\">\n\t\t\t<\/span>\n<\/div>\n<div class=\"jet-woo-products-cqw-wrapper\">\n\t<\/div>\t<\/div>\n\n\t\t\t<a href=\"https:\/\/www.tailsup.co\/fi\/tuote\/salmon-oil-1l\/\" class=\"jet-woo-item-overlay-link\"  ><\/a>\n\t<\/div>\n<div class=\"jet-woo-products__item jet-woo-builder-product\" data-product-id=\"153\">\n\t<div class=\"jet-woo-products__inner-box jet-woo-item-overlay-wrap\" data-url=\"https:\/\/www.tailsup.co\/fi\/tuote\/salmon-oil-250ml\/\" >\n\t\t\n<div class=\"jet-woo-product-thumbnail\">\n\t\n\t<a href=\"https:\/\/www.tailsup.co\/fi\/tuote\/salmon-oil-250ml\/\"><img loading=\"lazy\" decoding=\"async\" width=\"300\" height=\"300\" src=\"https:\/\/www.tailsup.co\/wp-content\/uploads\/2024\/10\/d935d638-64c1-4dee-97bf-398e70e0915c-300x300.jpg\" class=\"attachment-woocommerce_thumbnail size-woocommerce_thumbnail\" alt=\"\" \/><\/a>\n\t<div class=\"jet-woo-product-img-overlay\"><\/div>\n\n\t\n\t<\/div><h5 class=\"jet-woo-product-title\"><a href=\"https:\/\/www.tailsup.co\/fi\/tuote\/salmon-oil-250ml\/\">Lohi\u00f6ljy - 250ml<\/a><\/h5>\n<div class=\"jet-woo-product-price\">\n\t<span class=\"price\"><span class=\"woocommerce-Price-amount amount\">12,00&nbsp;<span class=\"woocommerce-Price-currencySymbol\">&euro;<\/span><\/span><\/span>\n<\/div>\n<div class=\"jet-woo-product-button\">\n\t<a href=\"\/fi\/wp-json\/wp\/v2\/pages\/20?add-to-cart=153\" aria-describedby=\"woocommerce_loop_add_to_cart_link_describedby_153\" data-quantity=\"1\" class=\"button product_type_simple add_to_cart_button ajax_add_to_cart\" data-product_id=\"153\" data-product_sku=\"\" aria-label=\"Lis\u00e4\u00e4 ostoskoriin: \u201cSalmon Oil - 250ml\u201d\" rel=\"nofollow\" data-no-translation=\"\" data-trp-gettext=\"\" data-no-translation-aria-label=\"\">Lis\u00e4\u00e4 ostoskoriin<\/a>\t<span id=\"woocommerce_loop_add_to_cart_link_describedby_153\" class=\"screen-reader-text\">\n\t\t\t<\/span>\n<\/div>\n<div class=\"jet-woo-products-cqw-wrapper\">\n\t<\/div>\t<\/div>\n\n\t\t\t<a href=\"https:\/\/www.tailsup.co\/fi\/tuote\/salmon-oil-250ml\/\" class=\"jet-woo-item-overlay-link\"  ><\/a>\n\t<\/div><\/div>\n<\/div>\t\t\t\t<\/div>\n\t\t\t\t<\/div>\n\t\t\t\t<\/div>\n\t\t\t\t\t<\/div>\n\t\t\t\t<\/div>\n\t\t<div class=\"elementor-element elementor-element-35e14a6c e-con-full e-flex e-con e-parent\" data-id=\"35e14a6c\" data-element_type=\"container\" data-e-type=\"container\" data-settings=\"{&quot;background_background&quot;:&quot;classic&quot;,&quot;jet_parallax_layout_list&quot;:[],&quot;shape_divider_top&quot;:&quot;curve-asymmetrical&quot;,&quot;shape_divider_top_negative&quot;:&quot;yes&quot;,&quot;shape_divider_bottom&quot;:&quot;curve-asymmetrical&quot;,&quot;shape_divider_bottom_negative&quot;:&quot;yes&quot;,&quot;_ob_use_container_extras&quot;:&quot;no&quot;,&quot;_ob_column_hoveranimator&quot;:&quot;no&quot;,&quot;_ob_glider_is_slider&quot;:&quot;no&quot;,&quot;_ob_column_has_pseudo&quot;:&quot;no&quot;}\">\n\t\t\t\t<div class=\"elementor-shape elementor-shape-top\" aria-hidden=\"true\" data-negative=\"true\">\n\t\t\t<svg xmlns=\"http:\/\/www.w3.org\/2000\/svg\" viewbox=\"0 0 1000 100\" preserveaspectratio=\"none\">\n\t<path class=\"elementor-shape-fill\" d=\"M615.2,96.7C240.2,97.8,0,18.9,0,0v100h1000V0C1000,19.2,989.8,96,615.2,96.7z\"\/>\n<\/svg>\t\t<\/div>\n\t\t\t\t<div class=\"elementor-shape elementor-shape-bottom\" aria-hidden=\"true\" data-negative=\"true\">\n\t\t\t<svg xmlns=\"http:\/\/www.w3.org\/2000\/svg\" viewbox=\"0 0 1000 100\" preserveaspectratio=\"none\">\n\t<path class=\"elementor-shape-fill\" d=\"M615.2,96.7C240.2,97.8,0,18.9,0,0v100h1000V0C1000,19.2,989.8,96,615.2,96.7z\"\/>\n<\/svg>\t\t<\/div>\n\t\t<div class=\"elementor-element elementor-element-42c835f e-con-full e-flex e-con e-child\" data-id=\"42c835f\" data-element_type=\"container\" data-e-type=\"container\" data-settings=\"{&quot;jet_parallax_layout_list&quot;:[],&quot;_ob_use_container_extras&quot;:&quot;no&quot;,&quot;_ob_column_hoveranimator&quot;:&quot;no&quot;,&quot;_ob_glider_is_slider&quot;:&quot;no&quot;,&quot;_ob_column_has_pseudo&quot;:&quot;no&quot;}\">\n\t\t\t\t<div class=\"elementor-element elementor-element-6282101b elementor-widget__width-initial ob-has-background-overlay ob-photomorph elementor-widget elementor-widget-image\" data-id=\"6282101b\" data-element_type=\"widget\" data-e-type=\"widget\" data-settings=\"{&quot;_ob_photomorph_use&quot;:&quot;yes&quot;,&quot;_ob_perspektive_use&quot;:&quot;no&quot;,&quot;_ob_poopart_use&quot;:&quot;yes&quot;,&quot;_ob_shadough_use&quot;:&quot;no&quot;,&quot;_ob_allow_hoveranimator&quot;:&quot;no&quot;,&quot;_ob_widget_stalker_use&quot;:&quot;no&quot;}\" data-widget_type=\"image.default\">\n\t\t\t\t<div class=\"elementor-widget-container\">\n\t\t\t\t\t\t\t\t\t\t\t\t\t\t\t<img loading=\"lazy\" decoding=\"async\" width=\"1024\" height=\"1536\" src=\"https:\/\/www.tailsup.co\/wp-content\/uploads\/2025\/01\/DSC06438-Edit-1024x1536.jpg\" class=\"attachment-1536x1536 size-1536x1536 wp-image-478\" alt=\"\" srcset=\"https:\/\/www.tailsup.co\/wp-content\/uploads\/2025\/01\/DSC06438-Edit-1024x1536.jpg 1024w, https:\/\/www.tailsup.co\/wp-content\/uploads\/2025\/01\/DSC06438-Edit-200x300.jpg 200w, https:\/\/www.tailsup.co\/wp-content\/uploads\/2025\/01\/DSC06438-Edit-683x1024.jpg 683w, https:\/\/www.tailsup.co\/wp-content\/uploads\/2025\/01\/DSC06438-Edit-768x1152.jpg 768w, https:\/\/www.tailsup.co\/wp-content\/uploads\/2025\/01\/DSC06438-Edit-1366x2048.jpg 1366w, https:\/\/www.tailsup.co\/wp-content\/uploads\/2025\/01\/DSC06438-Edit-600x900.jpg 600w, https:\/\/www.tailsup.co\/wp-content\/uploads\/2025\/01\/DSC06438-Edit-scaled.jpg 1707w\" sizes=\"(max-width: 1024px) 100vw, 1024px\" \/>\t\t\t\t\t\t\t\t\t\t\t\t\t\t\t<\/div>\n\t\t\t\t<\/div>\n\t\t\t\t<\/div>\n\t\t\t\t<div class=\"elementor-element elementor-element-7a1ee54b elementor-widget__width-initial ob-harakiri-inherit ob-has-background-overlay elementor-widget elementor-widget-text-editor\" data-id=\"7a1ee54b\" data-element_type=\"widget\" data-e-type=\"widget\" data-settings=\"{&quot;_ob_use_harakiri&quot;:&quot;yes&quot;,&quot;_ob_harakiri_writing_mode&quot;:&quot;inherit&quot;,&quot;_ob_postman_use&quot;:&quot;no&quot;,&quot;_ob_perspektive_use&quot;:&quot;no&quot;,&quot;_ob_poopart_use&quot;:&quot;yes&quot;,&quot;_ob_shadough_use&quot;:&quot;no&quot;,&quot;_ob_allow_hoveranimator&quot;:&quot;no&quot;,&quot;_ob_widget_stalker_use&quot;:&quot;no&quot;}\" data-widget_type=\"text-editor.default\">\n\t\t\t\t<div class=\"elementor-widget-container\">\n\t\t\t\t\t\t\t\t\t<h3><span style=\"color: #e9dcc8;\"><strong>Miksi lohi\u00f6ljy ja CBD ovat hy\u00f6dyllisi\u00e4 lemmikeille<\/strong><\/span><\/h3><p><span style=\"color: #e9dcc8;\">Lohi\u00f6ljy on t\u00e4ynn\u00e4 omega-3-rasvahappoja, jotka tukevat tervett\u00e4 ihoa, kiilt\u00e4v\u00e4\u00e4 turkkia ja lemmikin nivelten joustavuutta. Kun lohi\u00f6ljyyn yhdistet\u00e4\u00e4n CBD, se tuo mukanaan rauhoittavia ominaisuuksia, jotka helpottavat stressi\u00e4 ja ahdistusta etenkin matkustamisen tai kova\u00e4\u00e4nisten tilanteiden aikana. T\u00e4m\u00e4 yhdistelm\u00e4 tukee my\u00f6s ruoansulatusta ja lis\u00e4\u00e4 yleist\u00e4 elinvoimaisuutta, tehden siit\u00e4 mainion valinnan jokap\u00e4iv\u00e4iseen hyvinvointiin. Yhdess\u00e4 lohi\u00f6ljy ja CBD tarjoavat luonnollisen tavan pit\u00e4\u00e4 lemmikkisi onnellisena, terveen\u00e4 ja energisen\u00e4.<\/span><\/p>\t\t\t\t\t\t\t\t<\/div>\n\t\t\t\t<\/div>\n\t\t\t\t<\/div>\n\t\t<div class=\"elementor-element elementor-element-3107005 e-flex e-con-boxed e-con e-parent\" data-id=\"3107005\" data-element_type=\"container\" data-e-type=\"container\" data-settings=\"{&quot;jet_parallax_layout_list&quot;:[],&quot;_ob_use_container_extras&quot;:&quot;no&quot;,&quot;_ob_column_hoveranimator&quot;:&quot;no&quot;,&quot;_ob_glider_is_slider&quot;:&quot;no&quot;,&quot;_ob_column_has_pseudo&quot;:&quot;no&quot;}\">\n\t\t\t\t\t<div class=\"e-con-inner\">\n\t\t\t\t<div class=\"elementor-element elementor-element-c0c78a1 ob-has-background-overlay elementor-widget elementor-widget-spacer\" data-id=\"c0c78a1\" data-element_type=\"widget\" data-e-type=\"widget\" data-settings=\"{&quot;_ob_spacerat_use&quot;:&quot;no&quot;,&quot;_ob_perspektive_use&quot;:&quot;no&quot;,&quot;_ob_poopart_use&quot;:&quot;yes&quot;,&quot;_ob_shadough_use&quot;:&quot;no&quot;,&quot;_ob_allow_hoveranimator&quot;:&quot;no&quot;,&quot;_ob_widget_stalker_use&quot;:&quot;no&quot;}\" data-widget_type=\"spacer.default\">\n\t\t\t\t<div class=\"elementor-widget-container\">\n\t\t\t\t\t\t\t<div class=\"elementor-spacer\">\n\t\t\t<div class=\"elementor-spacer-inner\"><\/div>\n\t\t<\/div>\n\t\t\t\t\t\t<\/div>\n\t\t\t\t<\/div>\n\t\t\t\t\t<\/div>\n\t\t\t\t<\/div>\n\t\t\t\t<\/div>","protected":false},"excerpt":{"rendered":"<p>The Ultimate Wellness Blends for Your Pets Salmon Oil with CBD &#8211; 30ml 49,00&nbsp;&euro; Add to cart Salmon Oil with CBD &#8211; 10ml 19,00&nbsp;&euro; Add to cart Salmon Oil &#8211; 1L 29,00&nbsp;&euro; Add to cart Salmon Oil &#8211; 250ml 12,00&nbsp;&euro; Add to cart Why Salmon Oil and CBD Are Beneficial for Pets Salmon oil is [&hellip;]<\/p>\n","protected":false},"author":1,"featured_media":0,"parent":0,"menu_order":0,"comment_status":"closed","ping_status":"closed","template":"","meta":{"footnotes":""},"class_list":["post-20","page","type-page","status-publish","hentry"],"_links":{"self":[{"href":"https:\/\/www.tailsup.co\/fi\/wp-json\/wp\/v2\/pages\/20","targetHints":{"allow":["GET"]}}],"collection":[{"href":"https:\/\/www.tailsup.co\/fi\/wp-json\/wp\/v2\/pages"}],"about":[{"href":"https:\/\/www.tailsup.co\/fi\/wp-json\/wp\/v2\/types\/page"}],"author":[{"embeddable":true,"href":"https:\/\/www.tailsup.co\/fi\/wp-json\/wp\/v2\/users\/1"}],"replies":[{"embeddable":true,"href":"https:\/\/www.tailsup.co\/fi\/wp-json\/wp\/v2\/comments?post=20"}],"version-history":[{"count":5,"href":"https:\/\/www.tailsup.co\/fi\/wp-json\/wp\/v2\/pages\/20\/revisions"}],"predecessor-version":[{"id":824,"href":"https:\/\/www.tailsup.co\/fi\/wp-json\/wp\/v2\/pages\/20\/revisions\/824"}],"wp:attachment":[{"href":"https:\/\/www.tailsup.co\/fi\/wp-json\/wp\/v2\/media?parent=20"}],"curies":[{"name":"wp","href":"https:\/\/api.w.org\/{rel}","templated":true}]}}