{"id":18,"date":"2024-10-02T13:29:38","date_gmt":"2024-10-02T13:29:38","guid":{"rendered":"https:\/\/www.tailsup.co\/?page_id=18"},"modified":"2025-02-03T17:43:15","modified_gmt":"2025-02-03T14:43:15","slug":"horses","status":"publish","type":"page","link":"https:\/\/www.tailsup.co\/fi\/horses\/","title":{"rendered":"Hevoset"},"content":{"rendered":"<div data-elementor-type=\"wp-page\" data-elementor-id=\"18\" class=\"elementor elementor-18\" data-elementor-post-type=\"page\">\n\t\t\t\t<div class=\"elementor-element elementor-element-7d6da64 e-flex e-con-boxed e-con e-parent\" data-id=\"7d6da64\" data-element_type=\"container\" data-e-type=\"container\" data-settings=\"{&quot;background_background&quot;:&quot;classic&quot;,&quot;jet_parallax_layout_list&quot;:[],&quot;_ob_use_container_extras&quot;:&quot;no&quot;,&quot;_ob_column_hoveranimator&quot;:&quot;no&quot;,&quot;_ob_glider_is_slider&quot;:&quot;no&quot;,&quot;_ob_column_has_pseudo&quot;:&quot;no&quot;}\">\n\t\t\t\t\t<div class=\"e-con-inner\">\n\t\t\t\t<div class=\"elementor-element elementor-element-577fd5c ob-harakiri-inherit ob-has-background-overlay elementor-widget elementor-widget-heading\" data-id=\"577fd5c\" data-element_type=\"widget\" data-e-type=\"widget\" data-settings=\"{&quot;_ob_use_harakiri&quot;:&quot;yes&quot;,&quot;_ob_harakiri_writing_mode&quot;:&quot;inherit&quot;,&quot;_ob_harakiri_text_clip&quot;:&quot;none&quot;,&quot;_ob_perspektive_use&quot;:&quot;no&quot;,&quot;_ob_poopart_use&quot;:&quot;yes&quot;,&quot;_ob_shadough_use&quot;:&quot;no&quot;,&quot;_ob_allow_hoveranimator&quot;:&quot;no&quot;,&quot;_ob_widget_stalker_use&quot;:&quot;no&quot;}\" data-widget_type=\"heading.default\">\n\t\t\t\t<div class=\"elementor-widget-container\">\n\t\t\t\t\t<h2 class=\"elementor-heading-title elementor-size-default\">Parhaat hyvinvointisekoitukset hevosillesi<\/h2>\t\t\t\t<\/div>\n\t\t\t\t<\/div>\n\t\t\t\t\t<\/div>\n\t\t\t\t<\/div>\n\t\t<div class=\"elementor-element elementor-element-d5885d8 e-flex e-con-boxed e-con e-parent\" data-id=\"d5885d8\" data-element_type=\"container\" data-e-type=\"container\" data-settings=\"{&quot;background_background&quot;:&quot;classic&quot;,&quot;jet_parallax_layout_list&quot;:[],&quot;_ob_use_container_extras&quot;:&quot;no&quot;,&quot;_ob_column_hoveranimator&quot;:&quot;no&quot;,&quot;_ob_glider_is_slider&quot;:&quot;no&quot;,&quot;_ob_column_has_pseudo&quot;:&quot;no&quot;}\">\n\t\t\t\t\t<div class=\"e-con-inner\">\n\t\t<div class=\"elementor-element elementor-element-b4f308b e-con-full e-flex e-con e-child\" data-id=\"b4f308b\" data-element_type=\"container\" data-e-type=\"container\" data-settings=\"{&quot;jet_parallax_layout_list&quot;:[],&quot;_ob_use_container_extras&quot;:&quot;no&quot;,&quot;_ob_column_hoveranimator&quot;:&quot;no&quot;,&quot;_ob_glider_is_slider&quot;:&quot;no&quot;,&quot;_ob_column_has_pseudo&quot;:&quot;no&quot;}\">\n\t\t\t\t<div class=\"elementor-element elementor-element-7b57a03 ob-has-background-overlay elementor-widget elementor-widget-woocommerce-notices\" data-id=\"7b57a03\" data-element_type=\"widget\" data-e-type=\"widget\" data-settings=\"{&quot;_ob_perspektive_use&quot;:&quot;no&quot;,&quot;_ob_poopart_use&quot;:&quot;yes&quot;,&quot;_ob_shadough_use&quot;:&quot;no&quot;,&quot;_ob_allow_hoveranimator&quot;:&quot;no&quot;,&quot;_ob_widget_stalker_use&quot;:&quot;no&quot;}\" data-widget_type=\"woocommerce-notices.default\">\n\t\t\t\t<div class=\"elementor-widget-container\">\n\t\t\t\t\t\t\t<style>\n\t\t\t.woocommerce-notices-wrapper,\n\t\t\t.woocommerce-message,\n\t\t\t.woocommerce-error,\n\t\t\t.woocommerce-info {\n\t\t\t\tdisplay: none;\n\t\t\t}\n\t\t<\/style>\n\t\t\t\t\t<div class=\"e-woocommerce-notices-wrapper e-woocommerce-notices-wrapper-loading\">\n\t\t\t\t<div class=\"woocommerce-notices-wrapper\"><\/div>\t\t\t<\/div>\n\t\t\t\t\t\t\t<\/div>\n\t\t\t\t<\/div>\n\t\t\t\t<div class=\"elementor-element elementor-element-0ccd5b8 ob-has-background-overlay elementor-widget elementor-widget-jet-woo-products\" data-id=\"0ccd5b8\" data-element_type=\"widget\" data-e-type=\"widget\" data-settings=\"{&quot;columns&quot;:&quot;3&quot;,&quot;columns_mobile&quot;:&quot;1&quot;,&quot;_ob_perspektive_use&quot;:&quot;no&quot;,&quot;_ob_poopart_use&quot;:&quot;yes&quot;,&quot;_ob_shadough_use&quot;:&quot;no&quot;,&quot;_ob_allow_hoveranimator&quot;:&quot;no&quot;,&quot;_ob_widget_stalker_use&quot;:&quot;no&quot;}\" data-widget_type=\"jet-woo-products.default\">\n\t\t\t\t<div class=\"elementor-widget-container\">\n\t\t\t\t\t<div class=\"elementor-jet-woo-products jet-woo-builder\"><div class=\"jet-woo-products jet-woo-products--preset-1 col-row  jet-equal-cols\" data-mobile-hover=\"\" >\n<div class=\"jet-woo-products__item jet-woo-builder-product\" data-product-id=\"765\">\n\t<div class=\"jet-woo-products__inner-box jet-woo-item-overlay-wrap\" data-url=\"https:\/\/www.tailsup.co\/fi\/tuote\/black-cumin-hemp-seed-oil-250ml\/\" >\n\t\t\n<div class=\"jet-woo-product-thumbnail\">\n\t\n\t<a href=\"https:\/\/www.tailsup.co\/fi\/tuote\/black-cumin-hemp-seed-oil-250ml\/\"><img fetchpriority=\"high\" decoding=\"async\" width=\"300\" height=\"300\" src=\"https:\/\/www.tailsup.co\/wp-content\/uploads\/2025\/01\/WhatsApp-Image-2025-01-26-at-15.30.03-1-300x300.jpeg\" class=\"attachment-woocommerce_thumbnail size-woocommerce_thumbnail\" alt=\"\" \/><\/a>\n\t<div class=\"jet-woo-product-img-overlay\"><\/div>\n\n\t\n\t<\/div><h5 class=\"jet-woo-product-title\"><a href=\"https:\/\/www.tailsup.co\/fi\/tuote\/black-cumin-hemp-seed-oil-250ml\/\">Mustakuminansiemen- ja hamppu\u00f6ljy - 250ml<\/a><\/h5>\n<div class=\"jet-woo-product-price\">\n\t<span class=\"price\"><span class=\"woocommerce-Price-amount amount\">19,00&nbsp;<span class=\"woocommerce-Price-currencySymbol\">&euro;<\/span><\/span><\/span>\n<\/div>\n<div class=\"jet-woo-product-button\">\n\t<a href=\"\/fi\/wp-json\/wp\/v2\/pages\/18?add-to-cart=765\" aria-describedby=\"woocommerce_loop_add_to_cart_link_describedby_765\" data-quantity=\"1\" class=\"button product_type_simple add_to_cart_button ajax_add_to_cart\" data-product_id=\"765\" data-product_sku=\"\" aria-label=\"Lis\u00e4\u00e4 ostoskoriin: \u201cBlack Cumin &amp; Hemp Seed Oil - 250ml\u201d\" rel=\"nofollow\" data-no-translation=\"\" data-trp-gettext=\"\" data-no-translation-aria-label=\"\">Lis\u00e4\u00e4 ostoskoriin<\/a>\t<span id=\"woocommerce_loop_add_to_cart_link_describedby_765\" class=\"screen-reader-text\">\n\t\t\t<\/span>\n<\/div>\n<div class=\"jet-woo-products-cqw-wrapper\">\n\t<\/div>\t<\/div>\n\n\t\t\t<a href=\"https:\/\/www.tailsup.co\/fi\/tuote\/black-cumin-hemp-seed-oil-250ml\/\" class=\"jet-woo-item-overlay-link\"  ><\/a>\n\t<\/div>\n<div class=\"jet-woo-products__item jet-woo-builder-product\" data-product-id=\"764\">\n\t<div class=\"jet-woo-products__inner-box jet-woo-item-overlay-wrap\" data-url=\"https:\/\/www.tailsup.co\/fi\/tuote\/black-cumin-hemp-seed-oil-1l\/\" >\n\t\t\n<div class=\"jet-woo-product-thumbnail\">\n\t\n\t<a href=\"https:\/\/www.tailsup.co\/fi\/tuote\/black-cumin-hemp-seed-oil-1l\/\"><img decoding=\"async\" width=\"300\" height=\"300\" src=\"https:\/\/www.tailsup.co\/wp-content\/uploads\/2025\/01\/WhatsApp-Image-2025-01-26-at-15.30.03-300x300.jpeg\" class=\"attachment-woocommerce_thumbnail size-woocommerce_thumbnail\" alt=\"\" \/><\/a>\n\t<div class=\"jet-woo-product-img-overlay\"><\/div>\n\n\t\n\t<\/div><h5 class=\"jet-woo-product-title\"><a href=\"https:\/\/www.tailsup.co\/fi\/tuote\/black-cumin-hemp-seed-oil-1l\/\">Mustakuminansiemen- ja hamppu\u00f6ljy - 1L<\/a><\/h5>\n<div class=\"jet-woo-product-price\">\n\t<span class=\"price\"><span class=\"woocommerce-Price-amount amount\">69,00&nbsp;<span class=\"woocommerce-Price-currencySymbol\">&euro;<\/span><\/span><\/span>\n<\/div>\n<div class=\"jet-woo-product-button\">\n\t<a href=\"\/fi\/wp-json\/wp\/v2\/pages\/18?add-to-cart=764\" aria-describedby=\"woocommerce_loop_add_to_cart_link_describedby_764\" data-quantity=\"1\" class=\"button product_type_simple add_to_cart_button ajax_add_to_cart\" data-product_id=\"764\" data-product_sku=\"\" aria-label=\"Lis\u00e4\u00e4 ostoskoriin: \u201cBlack Cumin &amp; Hemp Seed Oil - 1L\u201d\" rel=\"nofollow\" data-no-translation=\"\" data-trp-gettext=\"\" data-no-translation-aria-label=\"\">Lis\u00e4\u00e4 ostoskoriin<\/a>\t<span id=\"woocommerce_loop_add_to_cart_link_describedby_764\" class=\"screen-reader-text\">\n\t\t\t<\/span>\n<\/div>\n<div class=\"jet-woo-products-cqw-wrapper\">\n\t<\/div>\t<\/div>\n\n\t\t\t<a href=\"https:\/\/www.tailsup.co\/fi\/tuote\/black-cumin-hemp-seed-oil-1l\/\" class=\"jet-woo-item-overlay-link\"  ><\/a>\n\t<\/div>\n<div class=\"jet-woo-products__item jet-woo-builder-product\" data-product-id=\"151\">\n\t<div class=\"jet-woo-products__inner-box jet-woo-item-overlay-wrap\" data-url=\"https:\/\/www.tailsup.co\/fi\/tuote\/organic-black-cumin-seed-oil-with-cbd-30ml\/\" >\n\t\t\n<div class=\"jet-woo-product-thumbnail\">\n\t\n\t<a href=\"https:\/\/www.tailsup.co\/fi\/tuote\/organic-black-cumin-seed-oil-with-cbd-30ml\/\"><img decoding=\"async\" width=\"300\" height=\"300\" src=\"https:\/\/www.tailsup.co\/wp-content\/uploads\/2024\/10\/elixirvaike-300x300.jpg\" class=\"attachment-woocommerce_thumbnail size-woocommerce_thumbnail\" alt=\"\" \/><\/a>\n\t<div class=\"jet-woo-product-img-overlay\"><\/div>\n\n\t\n\t<\/div><h5 class=\"jet-woo-product-title\"><a href=\"https:\/\/www.tailsup.co\/fi\/tuote\/organic-black-cumin-seed-oil-with-cbd-30ml\/\">Luomu CBD mustakumina\u00f6ljy - 30 ml<\/a><\/h5>\n<div class=\"jet-woo-product-price\">\n\t<span class=\"price\"><span class=\"woocommerce-Price-amount amount\">69,00&nbsp;<span class=\"woocommerce-Price-currencySymbol\">&euro;<\/span><\/span><\/span>\n<\/div>\n<div class=\"jet-woo-product-button\">\n\t<a href=\"\/fi\/wp-json\/wp\/v2\/pages\/18?add-to-cart=151\" aria-describedby=\"woocommerce_loop_add_to_cart_link_describedby_151\" data-quantity=\"1\" class=\"button product_type_simple add_to_cart_button ajax_add_to_cart\" data-product_id=\"151\" data-product_sku=\"\" aria-label=\"Lis\u00e4\u00e4 ostoskoriin: \u201cOrganic Black Cumin Seed Oil with CBD - 30ml\u201d\" rel=\"nofollow\" data-no-translation=\"\" data-trp-gettext=\"\" data-no-translation-aria-label=\"\">Lis\u00e4\u00e4 ostoskoriin<\/a>\t<span id=\"woocommerce_loop_add_to_cart_link_describedby_151\" class=\"screen-reader-text\">\n\t\t\t<\/span>\n<\/div>\n<div class=\"jet-woo-products-cqw-wrapper\">\n\t<\/div>\t<\/div>\n\n\t\t\t<a href=\"https:\/\/www.tailsup.co\/fi\/tuote\/organic-black-cumin-seed-oil-with-cbd-30ml\/\" class=\"jet-woo-item-overlay-link\"  ><\/a>\n\t<\/div>\n<div class=\"jet-woo-products__item jet-woo-builder-product\" data-product-id=\"149\">\n\t<div class=\"jet-woo-products__inner-box jet-woo-item-overlay-wrap\" data-url=\"https:\/\/www.tailsup.co\/fi\/tuote\/organic-black-cumin-seed-oil-1l\/\" >\n\t\t\n<div class=\"jet-woo-product-thumbnail\">\n\t\n\t<a href=\"https:\/\/www.tailsup.co\/fi\/tuote\/organic-black-cumin-seed-oil-1l\/\"><img loading=\"lazy\" decoding=\"async\" width=\"300\" height=\"300\" src=\"https:\/\/www.tailsup.co\/wp-content\/uploads\/2024\/10\/Blaccuminseed1l-300x300.jpg\" class=\"attachment-woocommerce_thumbnail size-woocommerce_thumbnail\" alt=\"\" \/><\/a>\n\t<div class=\"jet-woo-product-img-overlay\"><\/div>\n\n\t\n\t<\/div><h5 class=\"jet-woo-product-title\"><a href=\"https:\/\/www.tailsup.co\/fi\/tuote\/organic-black-cumin-seed-oil-1l\/\">Luomu mustakumina\u00f6ljy - 1L<\/a><\/h5>\n<div class=\"jet-woo-product-price\">\n\t<span class=\"price\"><span class=\"woocommerce-Price-amount amount\">75,00&nbsp;<span class=\"woocommerce-Price-currencySymbol\">&euro;<\/span><\/span><\/span>\n<\/div>\n<div class=\"jet-woo-product-button\">\n\t<a href=\"\/fi\/wp-json\/wp\/v2\/pages\/18?add-to-cart=149\" aria-describedby=\"woocommerce_loop_add_to_cart_link_describedby_149\" data-quantity=\"1\" class=\"button product_type_simple add_to_cart_button ajax_add_to_cart\" data-product_id=\"149\" data-product_sku=\"\" aria-label=\"Lis\u00e4\u00e4 ostoskoriin: \u201cOrganic Black Cumin Seed Oil - 1L\u201d\" rel=\"nofollow\" data-no-translation=\"\" data-trp-gettext=\"\" data-no-translation-aria-label=\"\">Lis\u00e4\u00e4 ostoskoriin<\/a>\t<span id=\"woocommerce_loop_add_to_cart_link_describedby_149\" class=\"screen-reader-text\">\n\t\t\t<\/span>\n<\/div>\n<div class=\"jet-woo-products-cqw-wrapper\">\n\t<\/div>\t<\/div>\n\n\t\t\t<a href=\"https:\/\/www.tailsup.co\/fi\/tuote\/organic-black-cumin-seed-oil-1l\/\" class=\"jet-woo-item-overlay-link\"  ><\/a>\n\t<\/div>\n<div class=\"jet-woo-products__item jet-woo-builder-product\" data-product-id=\"147\">\n\t<div class=\"jet-woo-products__inner-box jet-woo-item-overlay-wrap\" data-url=\"https:\/\/www.tailsup.co\/fi\/tuote\/organic-black-cumin-seed-oil-with-cbd-250ml\/\" >\n\t\t\n<div class=\"jet-woo-product-thumbnail\">\n\t\n\t<a href=\"https:\/\/www.tailsup.co\/fi\/tuote\/organic-black-cumin-seed-oil-with-cbd-250ml\/\"><img loading=\"lazy\" decoding=\"async\" width=\"300\" height=\"300\" src=\"https:\/\/www.tailsup.co\/wp-content\/uploads\/2024\/10\/elixir-300x300.jpg\" class=\"attachment-woocommerce_thumbnail size-woocommerce_thumbnail\" alt=\"\" \/><\/a>\n\t<div class=\"jet-woo-product-img-overlay\"><\/div>\n\n\t\n\t<\/div><h5 class=\"jet-woo-product-title\"><a href=\"https:\/\/www.tailsup.co\/fi\/tuote\/organic-black-cumin-seed-oil-with-cbd-250ml\/\">Luomu CBD mustakumina\u00f6ljy - 250  ml<\/a><\/h5>\n<div class=\"jet-woo-product-price\">\n\t<span class=\"price\"><span class=\"woocommerce-Price-amount amount\">249,00&nbsp;<span class=\"woocommerce-Price-currencySymbol\">&euro;<\/span><\/span><\/span>\n<\/div>\n<div class=\"jet-woo-product-button\">\n\t<a href=\"\/fi\/wp-json\/wp\/v2\/pages\/18?add-to-cart=147\" aria-describedby=\"woocommerce_loop_add_to_cart_link_describedby_147\" data-quantity=\"1\" class=\"button product_type_simple add_to_cart_button ajax_add_to_cart\" data-product_id=\"147\" data-product_sku=\"\" aria-label=\"Lis\u00e4\u00e4 ostoskoriin: \u201cOrganic Black Cumin Seed Oil with CBD - 250ml\u201d\" rel=\"nofollow\" data-no-translation=\"\" data-trp-gettext=\"\" data-no-translation-aria-label=\"\">Lis\u00e4\u00e4 ostoskoriin<\/a>\t<span id=\"woocommerce_loop_add_to_cart_link_describedby_147\" class=\"screen-reader-text\">\n\t\t\t<\/span>\n<\/div>\n<div class=\"jet-woo-products-cqw-wrapper\">\n\t<\/div>\t<\/div>\n\n\t\t\t<a href=\"https:\/\/www.tailsup.co\/fi\/tuote\/organic-black-cumin-seed-oil-with-cbd-250ml\/\" class=\"jet-woo-item-overlay-link\"  ><\/a>\n\t<\/div>\n<div class=\"jet-woo-products__item jet-woo-builder-product\" data-product-id=\"144\">\n\t<div class=\"jet-woo-products__inner-box jet-woo-item-overlay-wrap\" data-url=\"https:\/\/www.tailsup.co\/fi\/tuote\/organic-black-cumin-seed-oil-250ml\/\" >\n\t\t\n<div class=\"jet-woo-product-thumbnail\">\n\t\n\t<a href=\"https:\/\/www.tailsup.co\/fi\/tuote\/organic-black-cumin-seed-oil-250ml\/\"><img loading=\"lazy\" decoding=\"async\" width=\"300\" height=\"300\" src=\"https:\/\/www.tailsup.co\/wp-content\/uploads\/2024\/10\/823f07d2-c857-41f7-a3c5-6aeb6494442f-300x300.jpg\" class=\"attachment-woocommerce_thumbnail size-woocommerce_thumbnail\" alt=\"\" \/><\/a>\n\t<div class=\"jet-woo-product-img-overlay\"><\/div>\n\n\t\n\t<\/div><h5 class=\"jet-woo-product-title\"><a href=\"https:\/\/www.tailsup.co\/fi\/tuote\/organic-black-cumin-seed-oil-250ml\/\">Luomu mustakumina\u00f6ljy - 250 ml<\/a><\/h5>\n<div class=\"jet-woo-product-price\">\n\t<span class=\"price\"><span class=\"woocommerce-Price-amount amount\">29,00&nbsp;<span class=\"woocommerce-Price-currencySymbol\">&euro;<\/span><\/span><\/span>\n<\/div>\n<div class=\"jet-woo-product-button\">\n\t<a href=\"\/fi\/wp-json\/wp\/v2\/pages\/18?add-to-cart=144\" aria-describedby=\"woocommerce_loop_add_to_cart_link_describedby_144\" data-quantity=\"1\" class=\"button product_type_simple add_to_cart_button ajax_add_to_cart\" data-product_id=\"144\" data-product_sku=\"\" aria-label=\"Lis\u00e4\u00e4 ostoskoriin: \u201cOrganic Black Cumin Seed Oil - 250ml\u201d\" rel=\"nofollow\" data-no-translation=\"\" data-trp-gettext=\"\" data-no-translation-aria-label=\"\">Lis\u00e4\u00e4 ostoskoriin<\/a>\t<span id=\"woocommerce_loop_add_to_cart_link_describedby_144\" class=\"screen-reader-text\">\n\t\t\t<\/span>\n<\/div>\n<div class=\"jet-woo-products-cqw-wrapper\">\n\t<\/div>\t<\/div>\n\n\t\t\t<a href=\"https:\/\/www.tailsup.co\/fi\/tuote\/organic-black-cumin-seed-oil-250ml\/\" class=\"jet-woo-item-overlay-link\"  ><\/a>\n\t<\/div><\/div>\n<\/div>\t\t\t\t<\/div>\n\t\t\t\t<\/div>\n\t\t\t\t<\/div>\n\t\t\t\t\t<\/div>\n\t\t\t\t<\/div>\n\t\t<div class=\"elementor-element elementor-element-63f1e15 e-con-full e-flex e-con e-parent\" data-id=\"63f1e15\" data-element_type=\"container\" data-e-type=\"container\" data-settings=\"{&quot;background_background&quot;:&quot;classic&quot;,&quot;jet_parallax_layout_list&quot;:[],&quot;shape_divider_top&quot;:&quot;curve-asymmetrical&quot;,&quot;shape_divider_top_negative&quot;:&quot;yes&quot;,&quot;shape_divider_bottom&quot;:&quot;curve-asymmetrical&quot;,&quot;shape_divider_bottom_negative&quot;:&quot;yes&quot;,&quot;_ob_use_container_extras&quot;:&quot;no&quot;,&quot;_ob_column_hoveranimator&quot;:&quot;no&quot;,&quot;_ob_glider_is_slider&quot;:&quot;no&quot;,&quot;_ob_column_has_pseudo&quot;:&quot;no&quot;}\">\n\t\t\t\t<div class=\"elementor-shape elementor-shape-top\" aria-hidden=\"true\" data-negative=\"true\">\n\t\t\t<svg xmlns=\"http:\/\/www.w3.org\/2000\/svg\" viewbox=\"0 0 1000 100\" preserveaspectratio=\"none\">\n\t<path class=\"elementor-shape-fill\" d=\"M615.2,96.7C240.2,97.8,0,18.9,0,0v100h1000V0C1000,19.2,989.8,96,615.2,96.7z\"\/>\n<\/svg>\t\t<\/div>\n\t\t\t\t<div class=\"elementor-shape elementor-shape-bottom\" aria-hidden=\"true\" data-negative=\"true\">\n\t\t\t<svg xmlns=\"http:\/\/www.w3.org\/2000\/svg\" viewbox=\"0 0 1000 100\" preserveaspectratio=\"none\">\n\t<path class=\"elementor-shape-fill\" d=\"M615.2,96.7C240.2,97.8,0,18.9,0,0v100h1000V0C1000,19.2,989.8,96,615.2,96.7z\"\/>\n<\/svg>\t\t<\/div>\n\t\t<div class=\"elementor-element elementor-element-9fc44e0 e-con-full e-flex e-con e-child\" data-id=\"9fc44e0\" data-element_type=\"container\" data-e-type=\"container\" data-settings=\"{&quot;jet_parallax_layout_list&quot;:[],&quot;_ob_use_container_extras&quot;:&quot;no&quot;,&quot;_ob_column_hoveranimator&quot;:&quot;no&quot;,&quot;_ob_glider_is_slider&quot;:&quot;no&quot;,&quot;_ob_column_has_pseudo&quot;:&quot;no&quot;}\">\n\t\t\t\t<div class=\"elementor-element elementor-element-6de2a20 elementor-widget__width-initial ob-has-background-overlay elementor-widget elementor-widget-image\" data-id=\"6de2a20\" data-element_type=\"widget\" data-e-type=\"widget\" data-settings=\"{&quot;_ob_photomorph_use&quot;:&quot;no&quot;,&quot;_ob_perspektive_use&quot;:&quot;no&quot;,&quot;_ob_poopart_use&quot;:&quot;yes&quot;,&quot;_ob_shadough_use&quot;:&quot;no&quot;,&quot;_ob_allow_hoveranimator&quot;:&quot;no&quot;,&quot;_ob_widget_stalker_use&quot;:&quot;no&quot;}\" data-widget_type=\"image.default\">\n\t\t\t\t<div class=\"elementor-widget-container\">\n\t\t\t\t\t\t\t\t\t\t\t\t\t\t\t<img loading=\"lazy\" decoding=\"async\" width=\"1707\" height=\"2560\" src=\"https:\/\/www.tailsup.co\/wp-content\/uploads\/2024\/10\/tails-2-scaled.jpg\" class=\"attachment-full size-full wp-image-81\" alt=\"\" srcset=\"https:\/\/www.tailsup.co\/wp-content\/uploads\/2024\/10\/tails-2-scaled.jpg 1707w, https:\/\/www.tailsup.co\/wp-content\/uploads\/2024\/10\/tails-2-200x300.jpg 200w, https:\/\/www.tailsup.co\/wp-content\/uploads\/2024\/10\/tails-2-683x1024.jpg 683w, https:\/\/www.tailsup.co\/wp-content\/uploads\/2024\/10\/tails-2-768x1152.jpg 768w, https:\/\/www.tailsup.co\/wp-content\/uploads\/2024\/10\/tails-2-1024x1536.jpg 1024w, https:\/\/www.tailsup.co\/wp-content\/uploads\/2024\/10\/tails-2-1365x2048.jpg 1365w, https:\/\/www.tailsup.co\/wp-content\/uploads\/2024\/10\/tails-2-600x900.jpg 600w\" sizes=\"(max-width: 1707px) 100vw, 1707px\" \/>\t\t\t\t\t\t\t\t\t\t\t\t\t\t\t<\/div>\n\t\t\t\t<\/div>\n\t\t\t\t<\/div>\n\t\t\t\t<div class=\"elementor-element elementor-element-f5e2372 elementor-widget__width-initial ob-harakiri-inherit ob-has-background-overlay elementor-widget elementor-widget-text-editor\" data-id=\"f5e2372\" data-element_type=\"widget\" data-e-type=\"widget\" data-settings=\"{&quot;_ob_use_harakiri&quot;:&quot;yes&quot;,&quot;_ob_harakiri_writing_mode&quot;:&quot;inherit&quot;,&quot;_ob_postman_use&quot;:&quot;no&quot;,&quot;_ob_perspektive_use&quot;:&quot;no&quot;,&quot;_ob_poopart_use&quot;:&quot;yes&quot;,&quot;_ob_shadough_use&quot;:&quot;no&quot;,&quot;_ob_allow_hoveranimator&quot;:&quot;no&quot;,&quot;_ob_widget_stalker_use&quot;:&quot;no&quot;}\" data-widget_type=\"text-editor.default\">\n\t\t\t\t<div class=\"elementor-widget-container\">\n\t\t\t\t\t\t\t\t\t<h2><span style=\"color: #e9dcc8;\"><strong>Miksi mustakumina\u00f6ljy ja CBD ovat hy\u00f6dyllisi\u00e4 hevosille<\/strong><\/span><\/h2><p><span style=\"color: #e9dcc8;\">Mustakumina\u00f6ljy tunnetaan sen luonnollisista antioksidanttisista ja tulehdusta ehk\u00e4isevist\u00e4 ominaisuuksista, jotka tukevat nivelten terveytt\u00e4, ruoansulatusta ja immuunij\u00e4rjestelm\u00e4\u00e4. Kun siihen yhdistet\u00e4\u00e4n CBD, se tarjoaa lis\u00e4rentouttavan vaikutuksen, joka auttaa v\u00e4hent\u00e4m\u00e4\u00e4n stressi\u00e4 esimerkiksi kuljetuksen, koulutuksen tai muiden kuormittavien tilanteiden aikana. T\u00e4m\u00e4 tehokas yhdistelm\u00e4 tukee kokonaisvaltaista hyvinvointia, edist\u00e4\u00e4 palautumista ja auttaa yll\u00e4pit\u00e4m\u00e4\u00e4n tasapainoista, aktiivista el\u00e4m\u00e4ntapaa. Turvallinen ja tehokas vaihtoehto hevosesi hyvinvoinnin luonnolliseen yll\u00e4pit\u00e4miseen.<\/span><\/p>\t\t\t\t\t\t\t\t<\/div>\n\t\t\t\t<\/div>\n\t\t\t\t<\/div>\n\t\t<div class=\"elementor-element elementor-element-c0c2ab0 e-flex e-con-boxed e-con e-parent\" data-id=\"c0c2ab0\" data-element_type=\"container\" data-e-type=\"container\" data-settings=\"{&quot;jet_parallax_layout_list&quot;:[],&quot;_ob_use_container_extras&quot;:&quot;no&quot;,&quot;_ob_column_hoveranimator&quot;:&quot;no&quot;,&quot;_ob_glider_is_slider&quot;:&quot;no&quot;,&quot;_ob_column_has_pseudo&quot;:&quot;no&quot;}\">\n\t\t\t\t\t<div class=\"e-con-inner\">\n\t\t\t\t<div class=\"elementor-element elementor-element-8db633e ob-has-background-overlay elementor-widget elementor-widget-spacer\" data-id=\"8db633e\" data-element_type=\"widget\" data-e-type=\"widget\" data-settings=\"{&quot;_ob_spacerat_use&quot;:&quot;no&quot;,&quot;_ob_perspektive_use&quot;:&quot;no&quot;,&quot;_ob_poopart_use&quot;:&quot;yes&quot;,&quot;_ob_shadough_use&quot;:&quot;no&quot;,&quot;_ob_allow_hoveranimator&quot;:&quot;no&quot;,&quot;_ob_widget_stalker_use&quot;:&quot;no&quot;}\" data-widget_type=\"spacer.default\">\n\t\t\t\t<div class=\"elementor-widget-container\">\n\t\t\t\t\t\t\t<div class=\"elementor-spacer\">\n\t\t\t<div class=\"elementor-spacer-inner\"><\/div>\n\t\t<\/div>\n\t\t\t\t\t\t<\/div>\n\t\t\t\t<\/div>\n\t\t\t\t\t<\/div>\n\t\t\t\t<\/div>\n\t\t\t\t<\/div>","protected":false},"excerpt":{"rendered":"<p>The Ultimate Wellness Blends for Your Horses Black Cumin &#038; Hemp Seed Oil &#8211; 250ml 19,00&nbsp;&euro; Add to cart Black Cumin &#038; Hemp Seed Oil &#8211; 1L 69,00&nbsp;&euro; Add to cart Organic Black Cumin Seed Oil with CBD &#8211; 30ml 69,00&nbsp;&euro; Add to cart Organic Black Cumin Seed Oil &#8211; 1L 75,00&nbsp;&euro; Add to cart [&hellip;]<\/p>\n","protected":false},"author":1,"featured_media":0,"parent":0,"menu_order":0,"comment_status":"closed","ping_status":"closed","template":"","meta":{"footnotes":""},"class_list":["post-18","page","type-page","status-publish","hentry"],"_links":{"self":[{"href":"https:\/\/www.tailsup.co\/fi\/wp-json\/wp\/v2\/pages\/18","targetHints":{"allow":["GET"]}}],"collection":[{"href":"https:\/\/www.tailsup.co\/fi\/wp-json\/wp\/v2\/pages"}],"about":[{"href":"https:\/\/www.tailsup.co\/fi\/wp-json\/wp\/v2\/types\/page"}],"author":[{"embeddable":true,"href":"https:\/\/www.tailsup.co\/fi\/wp-json\/wp\/v2\/users\/1"}],"replies":[{"embeddable":true,"href":"https:\/\/www.tailsup.co\/fi\/wp-json\/wp\/v2\/comments?post=18"}],"version-history":[{"count":5,"href":"https:\/\/www.tailsup.co\/fi\/wp-json\/wp\/v2\/pages\/18\/revisions"}],"predecessor-version":[{"id":827,"href":"https:\/\/www.tailsup.co\/fi\/wp-json\/wp\/v2\/pages\/18\/revisions\/827"}],"wp:attachment":[{"href":"https:\/\/www.tailsup.co\/fi\/wp-json\/wp\/v2\/media?parent=18"}],"curies":[{"name":"wp","href":"https:\/\/api.w.org\/{rel}","templated":true}]}}