{"id":765,"date":"2025-01-26T18:10:05","date_gmt":"2025-01-26T15:10:05","guid":{"rendered":"https:\/\/www.tailsup.co\/?post_type=product&#038;p=765"},"modified":"2025-01-26T18:10:05","modified_gmt":"2025-01-26T15:10:05","slug":"black-cumin-hemp-seed-oil-250ml","status":"publish","type":"product","link":"https:\/\/www.tailsup.co\/et\/toode\/black-cumin-hemp-seed-oil-250ml\/","title":{"rendered":"Mustk\u00f6\u00f6mne- ja kanepiseemne\u00f5li - 250ml"},"content":{"rendered":"<p><span style=\"color: #511932;\"><b>Toitumisalane teave:<\/b><\/span><\/p>\n<ul>\n<li style=\"font-weight: 400;\" aria-level=\"1\"><span style=\"font-weight: 400;\">Orgaaniline mustk\u00f6\u00f6mne\u00f5li - 50%<\/span><\/li>\n<li style=\"font-weight: 400;\" aria-level=\"1\"><span style=\"font-weight: 400;\">k\u00fclmpressitud kanepiseemne\u00f5li - 50%<\/span><\/li>\n<\/ul>\n<p>&nbsp;<\/p>\n<p><span style=\"color: #511932;\"><b>Mustk\u00f6\u00f6mne- ja kanepiseemne\u00f5li<\/b><\/span><span style=\"font-weight: 400;\"> Mustk\u00f6\u00f6mne- ja kanepiseemne\u00f5li on tasakaalustatud ja looduslik segu kahest v\u00e4\u00e4rtuslikust \u00f5list, mis on loodud toetama hobuse \u00fcldist tervist ja heaolu.<\/span><\/p>\n<p><span style=\"color: #511932;\"><b>Mustk\u00f6\u00f6mne\u00f5li<\/b><\/span><span style=\"font-weight: 400;\"> on tuntud oma p\u00f5letikuvastaste ja immuunsust tugevdavate omaduste poolest. See sisaldab rohkelt asendamatuid rasvhappeid, antioks\u00fcdante ja bioaktiivseid \u00fchendeid, mis aitavad parandada seedimist, toetada hingamisteede tervist ning annavad karvale terve ja kauni l\u00e4ike.<\/span><\/p>\n<p><b><span style=\"color: #511932;\">Kanepiseemne\u00f5li<\/span>l<\/b><span style=\"font-weight: 400;\"> on suurep\u00e4rane omega-3 ja omega-6 rasvhapete allikas t\u00e4iuslikus tasakaalus. Need rasvhapped aitavad hoida liigeste ja lihaste tervist, toetavad s\u00fcdame-veresoonkonda ning tagavad terve naha ja karvkatte. Lisaks aitab kanepiseemne\u00f5li v\u00e4hendada p\u00f5letikke ja toetada \u00fcldist heaolu.<\/span><\/p>\n<p><span style=\"font-weight: 400;\">Sobib igas vanuses hobustele.\nLihtne kasutada \u2013 lisage \u00f5li lihtsalt hobuse s\u00f6\u00f6dale, muutes selle mugavaks ja t\u00f5husaks viisiks tagada hobuse tervis ja heaolu.<\/span><\/p>","protected":false},"excerpt":{"rendered":"<p><span style=\"font-weight: 400;\">Soovitatav p\u00e4evane annus: 30\u201360 ml <\/span><span style=\"font-weight: 400;\">Mitte \u00fcletada soovitatud p\u00e4evast kogust.\u00a0<\/span><span style=\"font-weight: 400;\">Toidulisandid ei asenda mitmekesist ja tasakaalustatud toitumist. <\/span><\/p>","protected":false},"featured_media":774,"comment_status":"open","ping_status":"closed","template":"","meta":[],"product_brand":[],"product_cat":[19],"product_tag":[],"class_list":{"0":"post-765","1":"product","2":"type-product","3":"status-publish","4":"has-post-thumbnail","6":"product_cat-horses","8":"first","9":"instock","10":"shipping-taxable","11":"purchasable","12":"product-type-simple"},"_links":{"self":[{"href":"https:\/\/www.tailsup.co\/et\/wp-json\/wp\/v2\/product\/765","targetHints":{"allow":["GET"]}}],"collection":[{"href":"https:\/\/www.tailsup.co\/et\/wp-json\/wp\/v2\/product"}],"about":[{"href":"https:\/\/www.tailsup.co\/et\/wp-json\/wp\/v2\/types\/product"}],"replies":[{"embeddable":true,"href":"https:\/\/www.tailsup.co\/et\/wp-json\/wp\/v2\/comments?post=765"}],"wp:featuredmedia":[{"embeddable":true,"href":"https:\/\/www.tailsup.co\/et\/wp-json\/wp\/v2\/media\/774"}],"wp:attachment":[{"href":"https:\/\/www.tailsup.co\/et\/wp-json\/wp\/v2\/media?parent=765"}],"wp:term":[{"taxonomy":"product_brand","embeddable":true,"href":"https:\/\/www.tailsup.co\/et\/wp-json\/wp\/v2\/product_brand?post=765"},{"taxonomy":"product_cat","embeddable":true,"href":"https:\/\/www.tailsup.co\/et\/wp-json\/wp\/v2\/product_cat?post=765"},{"taxonomy":"product_tag","embeddable":true,"href":"https:\/\/www.tailsup.co\/et\/wp-json\/wp\/v2\/product_tag?post=765"}],"curies":[{"name":"wp","href":"https:\/\/api.w.org\/{rel}","templated":true}]}}