{"id":159,"date":"2024-10-03T21:51:06","date_gmt":"2024-10-03T21:51:06","guid":{"rendered":"https:\/\/www.tailsup.co\/?post_type=product&#038;p=159"},"modified":"2025-02-03T18:03:04","modified_gmt":"2025-02-03T15:03:04","slug":"salmon-oil-with-cbd-30ml","status":"publish","type":"product","link":"https:\/\/www.tailsup.co\/et\/toode\/salmon-oil-with-cbd-30ml\/","title":{"rendered":"CBD L\u00f5he\u00f5li - 30 ml"},"content":{"rendered":"<p><span style=\"color: #68354a;\"><b>Toitumisalane teave:<\/b><\/span><\/p>\n<ul>\n<li style=\"font-weight: 400;\" aria-level=\"1\"><span style=\"font-weight: 400;\">L\u00f5he\u00f5li \u2013 97%<\/span><\/li>\n<li style=\"font-weight: 400;\" aria-level=\"1\"><span style=\"font-weight: 400;\">T\u00e4isspektri CBD ekstrakt \u2013 3%<\/span><\/li>\n<li style=\"font-weight: 400;\" aria-level=\"1\"><span style=\"font-weight: 400;\"><span style=\"font-weight: 400;\">THC sisaldus alla 0,2%<\/span><\/span><\/li>\n<\/ul>\n<p>&nbsp;<\/p>\n<p>Meie kvaliteetne CBD-ga rikastatud l\u00f5he\u00f5li on hoolikalt valmistatud, et toetada lemmikloomade \u00fcldist tervist ja heaolu.\nL\u00f5he\u00f5li on looduslikult rikas Omega-3 rasvhapete poolest, mis aitavad hoida karva l\u00e4ikivana, tugevdada nahka ja parandada liigeste liikuvust.\nLisatud CBD aitab v\u00e4hendada \u00e4revust, p\u00f5letikku ja valu, pakkudes rahustavat m\u00f5ju, eriti stressis v\u00f5i tundlikele lemmikloomadele.\nSee toode on ideaalne valik lemmikloomadele, kes vajavad lisahoolt ja tuge. Meie valem on orgaaniline, j\u00e4tkusuutlikult toodetud ning ei sisalda CBD isolaati, tagades parima kvaliteedi ja puhtuse.<\/p>","protected":false},"excerpt":{"rendered":"<p><span style=\"font-weight: 400;\">Soovitatav p\u00e4evane annus: 5\u201310 tilka.<\/span><span style=\"font-weight: 400;\">Mitte \u00fcletada soovitatud p\u00e4evast kogust.\u00a0<\/span><span style=\"font-weight: 400;\">Toidulisandid ei asenda mitmekesist ja tasakaalustatud toitumist. <\/span><\/p>","protected":false},"featured_media":690,"comment_status":"open","ping_status":"closed","template":"","meta":[],"product_brand":[],"product_cat":[20],"product_tag":[],"class_list":{"0":"post-159","1":"product","2":"type-product","3":"status-publish","4":"has-post-thumbnail","6":"product_cat-pets","8":"first","9":"instock","10":"shipping-taxable","11":"purchasable","12":"product-type-simple"},"_links":{"self":[{"href":"https:\/\/www.tailsup.co\/et\/wp-json\/wp\/v2\/product\/159","targetHints":{"allow":["GET"]}}],"collection":[{"href":"https:\/\/www.tailsup.co\/et\/wp-json\/wp\/v2\/product"}],"about":[{"href":"https:\/\/www.tailsup.co\/et\/wp-json\/wp\/v2\/types\/product"}],"replies":[{"embeddable":true,"href":"https:\/\/www.tailsup.co\/et\/wp-json\/wp\/v2\/comments?post=159"}],"wp:featuredmedia":[{"embeddable":true,"href":"https:\/\/www.tailsup.co\/et\/wp-json\/wp\/v2\/media\/690"}],"wp:attachment":[{"href":"https:\/\/www.tailsup.co\/et\/wp-json\/wp\/v2\/media?parent=159"}],"wp:term":[{"taxonomy":"product_brand","embeddable":true,"href":"https:\/\/www.tailsup.co\/et\/wp-json\/wp\/v2\/product_brand?post=159"},{"taxonomy":"product_cat","embeddable":true,"href":"https:\/\/www.tailsup.co\/et\/wp-json\/wp\/v2\/product_cat?post=159"},{"taxonomy":"product_tag","embeddable":true,"href":"https:\/\/www.tailsup.co\/et\/wp-json\/wp\/v2\/product_tag?post=159"}],"curies":[{"name":"wp","href":"https:\/\/api.w.org\/{rel}","templated":true}]}}