{"id":155,"date":"2024-10-03T21:48:56","date_gmt":"2024-10-03T21:48:56","guid":{"rendered":"https:\/\/www.tailsup.co\/?post_type=product&#038;p=155"},"modified":"2025-02-03T18:12:41","modified_gmt":"2025-02-03T15:12:41","slug":"salmon-oil-1l","status":"publish","type":"product","link":"https:\/\/www.tailsup.co\/et\/toode\/salmon-oil-1l\/","title":{"rendered":"L\u00f5he\u00f5li - 1L"},"content":{"rendered":"<p><span style=\"color: #68354a;\"><b>Toitumisalane teave:<\/b><\/span><\/p>\n<ul>\n<li style=\"font-weight: 400;\" aria-level=\"1\"><span style=\"font-weight: 400;\">L\u00f5he\u00f5li \u2013 100%<\/span><\/li>\n<\/ul>\n<p>&nbsp;<\/p>\n<p>Meie puhas l\u00f5he\u00f5li on looduslik toidulisand, mis toetab lemmikloomade \u00fcldist tervist ja heaolu.\nT\u00e4nu Omega-3 rasvhapetele aitab see s\u00e4ilitada l\u00e4ikivat karva, tervet nahka ja parandada liigeste liikuvust.\nMeie \u00f5li on vastutustundlikult toodetud, tagades k\u00f5rgeima kvaliteedi ja j\u00e4tkusuutlikkuse.\nSobib igas vanuses lemmikloomadele, aidates toetada s\u00fcdame tervist ja v\u00e4hendada p\u00f5letikku.\nLihtne kasutada \u2013 seda saab lisada otse lemmiku toidule, muutes selle mugavaks ja t\u00f5husaks igap\u00e4evaseks toidulisandiks.<\/p>","protected":false},"excerpt":{"rendered":"<p><strong><span style=\"color: #68354a;\">0.5 &#8211; 10 kg<\/span><\/strong> - 1 teelusikat\u00e4is;<br \/>\n<span style=\"color: #68354a;\"><strong>11 &#8211; 25 kg<\/strong><\/span> - 2 teelusikat\u00e4it;<br \/>\n<span style=\"color: #68354a;\"><strong>26 &#8211; 50 kg<\/strong><\/span> - 3 teelusikat\u00e4it;<br \/>\n<span style=\"color: #68354a;\"><strong>51 &#8211; 75 kg<\/strong><\/span> - 4 teelusikat\u00e4it;<br \/>\n<span style=\"color: #68354a;\"><strong>76 &#8211; 100 kg<\/strong><\/span> - 5 teelusikat\u00e4it;<\/p>\n<p><span style=\"font-weight: 400;\">Mitte \u00fcletada soovitatud p\u00e4evast kogust. <\/span><span style=\"font-weight: 400;\">Toidulisandid ei asenda mitmekesist ja tasakaalustatud toitumist.<\/span><\/p>","protected":false},"featured_media":739,"comment_status":"open","ping_status":"closed","template":"","meta":[],"product_brand":[],"product_cat":[20],"product_tag":[],"class_list":{"0":"post-155","1":"product","2":"type-product","3":"status-publish","4":"has-post-thumbnail","6":"product_cat-pets","8":"first","9":"instock","10":"shipping-taxable","11":"purchasable","12":"product-type-simple"},"_links":{"self":[{"href":"https:\/\/www.tailsup.co\/et\/wp-json\/wp\/v2\/product\/155","targetHints":{"allow":["GET"]}}],"collection":[{"href":"https:\/\/www.tailsup.co\/et\/wp-json\/wp\/v2\/product"}],"about":[{"href":"https:\/\/www.tailsup.co\/et\/wp-json\/wp\/v2\/types\/product"}],"replies":[{"embeddable":true,"href":"https:\/\/www.tailsup.co\/et\/wp-json\/wp\/v2\/comments?post=155"}],"wp:featuredmedia":[{"embeddable":true,"href":"https:\/\/www.tailsup.co\/et\/wp-json\/wp\/v2\/media\/739"}],"wp:attachment":[{"href":"https:\/\/www.tailsup.co\/et\/wp-json\/wp\/v2\/media?parent=155"}],"wp:term":[{"taxonomy":"product_brand","embeddable":true,"href":"https:\/\/www.tailsup.co\/et\/wp-json\/wp\/v2\/product_brand?post=155"},{"taxonomy":"product_cat","embeddable":true,"href":"https:\/\/www.tailsup.co\/et\/wp-json\/wp\/v2\/product_cat?post=155"},{"taxonomy":"product_tag","embeddable":true,"href":"https:\/\/www.tailsup.co\/et\/wp-json\/wp\/v2\/product_tag?post=155"}],"curies":[{"name":"wp","href":"https:\/\/api.w.org\/{rel}","templated":true}]}}