{"id":147,"date":"2024-10-03T21:44:41","date_gmt":"2024-10-03T21:44:41","guid":{"rendered":"https:\/\/www.tailsup.co\/?post_type=product&#038;p=147"},"modified":"2025-01-26T18:06:55","modified_gmt":"2025-01-26T15:06:55","slug":"organic-black-cumin-seed-oil-with-cbd-250ml","status":"publish","type":"product","link":"https:\/\/www.tailsup.co\/et\/toode\/organic-black-cumin-seed-oil-with-cbd-250ml\/","title":{"rendered":"Orgaaniline mustk\u00f6\u00f6mne \u00f5li CBD:ga - 250ml"},"content":{"rendered":"<p><span style=\"color: #68354a;\"><strong>Toitumisalane teave:<\/strong><\/span><\/p>\n<ul>\n<li>Orgaaniline mustk\u00f6\u00f6mne\u00f5li \u2013 97%<\/li>\n<li>T\u00e4isspektri CBD ekstrakt \u2013 3%<\/li>\n<li>THC sisaldus alla 0,2%<\/li>\n<\/ul>\n<p>&nbsp;<\/p>\n<p><span style=\"color: #68354a;\"><strong>T\u00e4helepanu! Keelatud FEI v\u00f5istlustel. Soovitame l\u00f5petada kasutamise v\u00e4hemalt 7 p\u00e4eva enne v\u00f5istlust.<\/strong><\/span><\/p>\n<p>Meie orgaaniline mustk\u00f6\u00f6mne\u00f5li CBD-ga on puhas ja looduslik toidulisand, mis on loodud toetama hobuste \u00fcldist tervist ja heaolu. See on rikas asendamatute rasvhapete ja v\u00f5imsate antioks\u00fcdantide poolest, mis aitavad tugevdada immuuns\u00fcsteemi, parandada seedimist ja hoida karva l\u00e4ikivana.\nK\u00f5rgeim kvaliteet ja kontrollitud p\u00e4ritolu \u2013 selle toote CBD-\u00f5li on saadud meie enda orgaaniliselt kasvatatud kanepist, tagades maksimaalse puhtuse ja t\u00e4ieliku tootmisprotsessi kontrolli. Lisaks on mustk\u00f6\u00f6mne\u00f5li valmistatud vastutustundlikult kasvatatud orgaanilistest seemnetest, mis tagab selle puhtuse ja j\u00e4tkusuutlikkuse.<\/p>\n<p>Sobib igas vanuses hobustele \u2013 aitab v\u00e4hendada p\u00f5letikku, toetada hingamisteede tervist ja pakkuda rahustavat m\u00f5ju, t\u00e4nu t\u00e4isspektri CBD-le.\nKiireim ja t\u00f5husaim kasutamine \u2013 soovitame kanda \u00f5li otse igemetele, kuid seda v\u00f5ib lisada ka hobuse s\u00f6\u00f6dale, et muuta see lihtsaks ja kasulikuks osaks igap\u00e4evasest rutiinist.<\/p>","protected":false},"excerpt":{"rendered":"<p>Soovitatav p\u00e4evane annus: 10\u201330 tilka.\nMitte \u00fcletada soovitatud p\u00e4evast kogust.\nToidulisandid ei asenda mitmekesist ja tasakaalustatud toitumist.<\/p>","protected":false},"featured_media":648,"comment_status":"open","ping_status":"closed","template":"","meta":[],"product_brand":[],"product_cat":[19],"product_tag":[],"class_list":{"0":"post-147","1":"product","2":"type-product","3":"status-publish","4":"has-post-thumbnail","6":"product_cat-horses","8":"first","9":"instock","10":"shipping-taxable","11":"purchasable","12":"product-type-simple"},"_links":{"self":[{"href":"https:\/\/www.tailsup.co\/et\/wp-json\/wp\/v2\/product\/147","targetHints":{"allow":["GET"]}}],"collection":[{"href":"https:\/\/www.tailsup.co\/et\/wp-json\/wp\/v2\/product"}],"about":[{"href":"https:\/\/www.tailsup.co\/et\/wp-json\/wp\/v2\/types\/product"}],"replies":[{"embeddable":true,"href":"https:\/\/www.tailsup.co\/et\/wp-json\/wp\/v2\/comments?post=147"}],"wp:featuredmedia":[{"embeddable":true,"href":"https:\/\/www.tailsup.co\/et\/wp-json\/wp\/v2\/media\/648"}],"wp:attachment":[{"href":"https:\/\/www.tailsup.co\/et\/wp-json\/wp\/v2\/media?parent=147"}],"wp:term":[{"taxonomy":"product_brand","embeddable":true,"href":"https:\/\/www.tailsup.co\/et\/wp-json\/wp\/v2\/product_brand?post=147"},{"taxonomy":"product_cat","embeddable":true,"href":"https:\/\/www.tailsup.co\/et\/wp-json\/wp\/v2\/product_cat?post=147"},{"taxonomy":"product_tag","embeddable":true,"href":"https:\/\/www.tailsup.co\/et\/wp-json\/wp\/v2\/product_tag?post=147"}],"curies":[{"name":"wp","href":"https:\/\/api.w.org\/{rel}","templated":true}]}}