{"id":144,"date":"2024-10-03T21:41:24","date_gmt":"2024-10-03T21:41:24","guid":{"rendered":"https:\/\/www.tailsup.co\/?post_type=product&#038;p=144"},"modified":"2025-01-26T18:08:03","modified_gmt":"2025-01-26T15:08:03","slug":"organic-black-cumin-seed-oil-250ml","status":"publish","type":"product","link":"https:\/\/www.tailsup.co\/et\/toode\/organic-black-cumin-seed-oil-250ml\/","title":{"rendered":"Orgaaniline mustk\u00f6\u00f6mne\u00f5li - 250ml"},"content":{"rendered":"<p><span style=\"color: #511932;\"><b>Toitumisalane teave:<\/b><\/span><\/p>\n<ul>\n<li style=\"font-weight: 400;\" aria-level=\"1\"><span style=\"font-weight: 400;\">Orgaaniline mustk\u00f6\u00f6mne\u00f5li \u2013 100%<\/span><\/li>\n<\/ul>\n<p>&nbsp;<\/p>\n<p><span style=\"font-weight: 400;\">Meie orgaaniline mustk\u00f6\u00f6mne\u00f5li on puhas ja looduslik toidulisand, mis on loodud toetama hobuste \u00fcldist tervist ja heaolu. See on rikas asendamatute rasvhapete ja v\u00f5imsate antioks\u00fcdantide poolest, aidates tugevdada immuuns\u00fcsteemi, toetada hingamisteede tervist, parandada seedimist ja anda karvale tervislikku l\u00e4iget<\/span><\/p>\n<p><span style=\"font-weight: 400;\">Kvaliteetne ja j\u00e4tkusuutlik \u2013 meie \u00f5li on valmistatud vastutustundlikult kasvatatud orgaanilistest mustk\u00f6\u00f6mne seemnetest, tagades k\u00f5rgeima puhtuse ja kvaliteedi.\nSobib igas vanuses hobustele \u2013 aitab v\u00e4hendada p\u00f5letikku, toetada hingamisteede tervist ning edendada naha ja karvkatte heaolu.<\/span><\/p>\n<p><span style=\"font-weight: 400;\">Lihtne kasutada \u2013 \u00f5li saab lihtsalt lisada hobuse s\u00f6\u00f6dale, muutes selle mugavaks ja t\u00f5husaks osaks igap\u00e4evasest toitumisest.<\/span><\/p>","protected":false},"excerpt":{"rendered":"<p>Soovitatav p\u00e4evane annus: 30\u201360 ml\nMitte \u00fcletada soovitatud p\u00e4evast kogust.\nToidulisandid ei asenda mitmekesist ja tasakaalustatud toitumist.<\/p>","protected":false},"featured_media":684,"comment_status":"open","ping_status":"closed","template":"","meta":[],"product_brand":[],"product_cat":[19],"product_tag":[],"class_list":{"0":"post-144","1":"product","2":"type-product","3":"status-publish","4":"has-post-thumbnail","6":"product_cat-horses","8":"first","9":"instock","10":"shipping-taxable","11":"purchasable","12":"product-type-simple"},"_links":{"self":[{"href":"https:\/\/www.tailsup.co\/et\/wp-json\/wp\/v2\/product\/144","targetHints":{"allow":["GET"]}}],"collection":[{"href":"https:\/\/www.tailsup.co\/et\/wp-json\/wp\/v2\/product"}],"about":[{"href":"https:\/\/www.tailsup.co\/et\/wp-json\/wp\/v2\/types\/product"}],"replies":[{"embeddable":true,"href":"https:\/\/www.tailsup.co\/et\/wp-json\/wp\/v2\/comments?post=144"}],"wp:featuredmedia":[{"embeddable":true,"href":"https:\/\/www.tailsup.co\/et\/wp-json\/wp\/v2\/media\/684"}],"wp:attachment":[{"href":"https:\/\/www.tailsup.co\/et\/wp-json\/wp\/v2\/media?parent=144"}],"wp:term":[{"taxonomy":"product_brand","embeddable":true,"href":"https:\/\/www.tailsup.co\/et\/wp-json\/wp\/v2\/product_brand?post=144"},{"taxonomy":"product_cat","embeddable":true,"href":"https:\/\/www.tailsup.co\/et\/wp-json\/wp\/v2\/product_cat?post=144"},{"taxonomy":"product_tag","embeddable":true,"href":"https:\/\/www.tailsup.co\/et\/wp-json\/wp\/v2\/product_tag?post=144"}],"curies":[{"name":"wp","href":"https:\/\/api.w.org\/{rel}","templated":true}]}}