{"id":421,"date":"2024-10-05T23:47:35","date_gmt":"2024-10-05T20:47:35","guid":{"rendered":"https:\/\/www.tailsup.co\/?page_id=421"},"modified":"2025-02-10T14:28:51","modified_gmt":"2025-02-10T11:28:51","slug":"terms-and-conditions","status":"publish","type":"page","link":"https:\/\/www.tailsup.co\/et\/terms-and-conditions\/","title":{"rendered":"M\u00fc\u00fcgitingimused"},"content":{"rendered":"<div data-elementor-type=\"wp-page\" data-elementor-id=\"421\" class=\"elementor elementor-421\" data-elementor-post-type=\"page\">\n\t\t\t\t<div class=\"elementor-element elementor-element-ed7210a e-flex e-con-boxed e-con e-parent\" data-id=\"ed7210a\" data-element_type=\"container\" data-e-type=\"container\" data-settings=\"{&quot;background_background&quot;:&quot;classic&quot;,&quot;jet_parallax_layout_list&quot;:[],&quot;_ob_use_container_extras&quot;:&quot;no&quot;,&quot;_ob_column_hoveranimator&quot;:&quot;no&quot;,&quot;_ob_glider_is_slider&quot;:&quot;no&quot;,&quot;_ob_column_has_pseudo&quot;:&quot;no&quot;}\">\n\t\t\t\t\t<div class=\"e-con-inner\">\n\t\t\t\t<div class=\"elementor-element elementor-element-65cd8b0 ob-harakiri-inherit ob-has-background-overlay elementor-widget elementor-widget-heading\" data-id=\"65cd8b0\" data-element_type=\"widget\" data-e-type=\"widget\" data-settings=\"{&quot;_ob_use_harakiri&quot;:&quot;yes&quot;,&quot;_ob_harakiri_writing_mode&quot;:&quot;inherit&quot;,&quot;_ob_harakiri_text_clip&quot;:&quot;none&quot;,&quot;_ob_perspektive_use&quot;:&quot;no&quot;,&quot;_ob_poopart_use&quot;:&quot;yes&quot;,&quot;_ob_shadough_use&quot;:&quot;no&quot;,&quot;_ob_allow_hoveranimator&quot;:&quot;no&quot;,&quot;_ob_widget_stalker_use&quot;:&quot;no&quot;}\" data-widget_type=\"heading.default\">\n\t\t\t\t<div class=\"elementor-widget-container\">\n\t\t\t\t\t<h2 class=\"elementor-heading-title elementor-size-default\">M\u00fc\u00fcgitingimused<\/h2>\t\t\t\t<\/div>\n\t\t\t\t<\/div>\n\t\t\t\t\t<\/div>\n\t\t\t\t<\/div>\n\t\t<div class=\"elementor-element elementor-element-0f48359 e-flex e-con-boxed e-con e-parent\" data-id=\"0f48359\" data-element_type=\"container\" data-e-type=\"container\" data-settings=\"{&quot;jet_parallax_layout_list&quot;:[],&quot;_ob_use_container_extras&quot;:&quot;no&quot;,&quot;_ob_column_hoveranimator&quot;:&quot;no&quot;,&quot;_ob_glider_is_slider&quot;:&quot;no&quot;,&quot;_ob_column_has_pseudo&quot;:&quot;no&quot;}\">\n\t\t\t\t\t<div class=\"e-con-inner\">\n\t\t\t\t<div class=\"elementor-element elementor-element-f776f2b ob-harakiri-inherit ob-has-background-overlay elementor-widget elementor-widget-text-editor\" data-id=\"f776f2b\" data-element_type=\"widget\" data-e-type=\"widget\" data-settings=\"{&quot;_ob_use_harakiri&quot;:&quot;yes&quot;,&quot;_ob_harakiri_writing_mode&quot;:&quot;inherit&quot;,&quot;_ob_postman_use&quot;:&quot;no&quot;,&quot;_ob_perspektive_use&quot;:&quot;no&quot;,&quot;_ob_poopart_use&quot;:&quot;yes&quot;,&quot;_ob_shadough_use&quot;:&quot;no&quot;,&quot;_ob_allow_hoveranimator&quot;:&quot;no&quot;,&quot;_ob_widget_stalker_use&quot;:&quot;no&quot;}\" data-widget_type=\"text-editor.default\">\n\t\t\t\t<div class=\"elementor-widget-container\">\n\t\t\t\t\t\t\t\t\t<p><\/p>\n<p><strong>M\u00fc\u00fcgilepingu kehtivus, kaupade ja hinnainfo<\/strong><\/p>\n<p>K\u00e4esolevad m\u00fc\u00fcgitingimused kehtivad kaupade ostmisel e-poest.<\/p>\n<p>K\u00e4esolevad m\u00fc\u00fcgitingimused kehtivad kaupade ostmisel e-poest.\nE-poes m\u00fc\u00fcdavate toodete hinnad on toodud iga toote juures. Kauba hinnale lisandub tarnekulu, mis s\u00f5ltub ostja asukohast ja valitud tarneviisist. K\u00f5ik hinnad on eurodes (\u20ac)<\/p>\n<p>Tarnekulud kuvatakse ostjale tellimuse vormistamise k\u00e4igus.<\/p>\n<p>Kauba kohta k\u00e4iv teave on toodud e-poes otse toote k\u00f5rval.<\/p>\n<p><strong>Tellimuse vormistamine<\/strong><\/p>\n<p>Tellimuse esitamiseks tuleb lisada soovitud tooted ostukorvi. Seej\u00e4rel tuleb t\u00e4ita vajalike andmetega tellimusvorm ning valida sobiv tarneviis. Tellimuse kogumaksumus kuvatakse ekraanil, misj\u00e4rel saab selle tasuda turvaliselt j\u00e4rgmiste makseviiside abil:<\/p>\n<p>Pangalingid: Citadele<br>Visa \/ Mastercard kaardimaksed (vahendajaks Stripe)<\/p>\n<p>NB! Kui maksate pangalingi kaudu, vajutage kindlasti panga lehel \"Tagasi kaupmehe juurde\" nuppu.<\/p>\n<p>Makseid vahendab Montonio Finance UAB. Maksmine toimub v\u00e4ljaspool e-poodi turvalises keskkonnas \u2013 pangalingiga tasumisel panga keskkonnas ja krediitkaardiga makstes Montonio Finance UAB turvalises keskkonnas. M\u00fc\u00fcjal puudub juurdep\u00e4\u00e4s kliendi pangakonto ja kaardiandmetele.<\/p>\n<p>M\u00fc\u00fcjal puudub juurdep\u00e4\u00e4s kliendi pangakonto ja kaardiandmetele.<\/p>\n<p>Kui tellitud kaupa ei ole v\u00f5imalik tarnida (n\u00e4iteks toote l\u00f5ppemise t\u00f5ttu), teavitatakse ostjat esimesel v\u00f5imalusel ning ostjale tagastatakse tasutud summa (sh tarnekulu) viivitamata, kuid mitte hiljem kui 14 p\u00e4eva jooksul p\u00e4rast teavituse saatmist.<\/p>\n<p><strong>Kohaletoimetamine<\/strong><\/p>\n<p>Kaupu saadetakse j\u00e4rgmistes riikides: Euroopa Liit<\/p>\n<p>Tellimuse k\u00e4ttesaamiseks on ostjal j\u00e4rgmised valikud:<br>- Omniva pakiautomaadid<br>- Itella SmartPost pakiautomaadid<\/p>\n<p>Tarnekulud kannab ostja ning need kuvatakse vastavalt valitud tarneviisile.<\/p>\n<p>Tavap\u00e4rane tarneaeg Euroopa Liidu piires on 10 kalendrip\u00e4eva.<\/p>\n<p>Erandjuhtudel on m\u00fc\u00fcjal \u00f5igus tarnida kaupa kuni 45 kalendrip\u00e4eva jooksul.<\/p>\n<p><strong><br>Taganemis\u00f5igus<\/strong><\/p>\n<p>P\u00e4rast tellimuse k\u00e4ttesaamist on ostjal \u00f5igus taganeda e-poes s\u00f5lmitud lepingust 14 p\u00e4eva jooksul.<\/p>\n<p>Taganemis\u00f5igus ei kehti, kui ostja on juriidiline isik.<\/p>\n<p>Taganemis\u00f5iguse kasutamiseks ei tohi tellitud kaupa kasutada muul viisil, kui vajalik selle omaduste ja toimimise kontrollimiseks samamoodi, nagu see oleks v\u00f5imalik f\u00fc\u00fcsilises poes.<\/p>\n<p>Kui kaupa on kasutatud muul viisil v\u00f5i sellel esineb kasutusj\u00e4lgi, on e-poel \u00f5igus v\u00e4hendada tagastatavat summat vastavalt kauba v\u00e4\u00e4rtuse v\u00e4henemisele.<\/p>\n<p>Taganemiseks tuleb esitada avaldus, mille vormi saab siit. T\u00e4idetud avaldus tuleb saata e-posti aadressile info@tailsup.co hiljemalt 14 p\u00e4eva jooksul p\u00e4rast kauba k\u00e4ttesaamist.<\/p>\n<p>Tagastamisega seotud kulud katab ostja, v\u00e4lja arvatud juhul, kui tagastamise p\u00f5hjus on vale v\u00f5i defektiga toode.<\/p>\n<p>Ostja peab tagastama kauba 14 p\u00e4eva jooksul alates taganemisavalduse esitamisest v\u00f5i esitama t\u00f5endi, et ta on kauba selle perioodi jooksul transpordifirmale \u00fcle andnud.<\/p>\n<p>Kui e-pood on tagastatud kauba k\u00e4tte saanud, tagastatakse ostjale viivitamata, kuid mitte hiljem kui 14 p\u00e4eva jooksul p\u00e4rast taganemisavalduse saamist, k\u00f5ik ostjalt lepingu alusel saadud maksed.<\/p>\n<p>E-pood v\u00f5ib keelduda tagasimaksete tegemisest, kuni kaup on tagastatud v\u00f5i kuni ostja on esitanud t\u00f5endi kauba tagastamise kohta, s\u00f5ltuvalt sellest, kumb on varasem.<\/p>\n<p>Kui ostja on valinud e-poes pakutud odavaimast tavap\u00e4rasest tarneviisist kallima tarne, ei pea e-pood h\u00fcvitama tarnekulu selle ulatuses, mis \u00fcletab tavap\u00e4rase tarne maksumust.<\/p>\n<p>E-poel on \u00f5igus t\u00fchistada m\u00fc\u00fcgitehing ja n\u00f5uda ostjalt kauba tagastamist, kui toote hind e-poes oli eksituse t\u00f5ttu m\u00e4rkimisv\u00e4\u00e4rselt madalam kui toote turuhind.<\/p>\n<p><strong><br>Kaebuste esitamise \u00f5igus<\/strong><\/p>\n<p>E-pood vastutab ostjale m\u00fc\u00fcdud kauba vastavuse ja puuduste eest, mis olid olemas juba kauba \u00fcleandmise hetkel ning ilmnevad kuni kahe aasta jooksul alates ostukuup\u00e4evast.\nKui defekt ilmneb esimese kuue kuu jooksul p\u00e4rast ostu, eeldatakse, et see oli olemas juba \u00fcleandmise ajal. M\u00fc\u00fcja kohustus on see eeldus \u00fcmber l\u00fckata.<\/p>\n<p>Kui ostja avastab defekti, peab ta kahe kuu jooksul v\u00f5tma \u00fchendust e-poega e-posti aadressil info@tailsup.co.<br>E-pood ei vastuta defektide eest, mis ilmnevad p\u00e4rast kauba \u00fcleandmist ostjale.<\/p>\n<p>Kui ostetud toode on puudusega ja e-pood vastutab selle eest, parandatakse v\u00f5i asendatakse see. Kui parandamine v\u00f5i asendamine ei ole v\u00f5imalik, tagastatakse ostjale k\u00f5ik m\u00fc\u00fcgilepinguga seotud tasud.<br>E-pood vastab tarbija kaebusele kirjalikult v\u00f5i kirjalikult taasesitatavas vormis 15 p\u00e4eva jooksul.<\/p>\n<p><strong><br>Otseturundus ja isikuandmete t\u00f6\u00f6tlemine<\/strong><\/p>\n<p>E-pood kasutab ostja sisestatud isikuandmeid ainult tellimuse t\u00f6\u00f6tlemiseks ja kauba saatmiseks. Isikuandmeid edastatakse transporditeenust pakkuvatele ettev\u00f5tetele vaid selleks, et tellimus kohale toimetada.<\/p>\n<p>Uudiskirju ja pakkumisi saadetakse ostja e-posti aadressile ainult juhul, kui ostja on selleks n\u00f5usoleku andnud.<\/p>\n<p>Ostjal on igal ajal \u00f5igus loobuda turundusmaterjalidest, teavitades sellest e-poodi e-posti teel v\u00f5i j\u00e4rgides vastavaid juhiseid saadetud e-kirjas.<\/p>\n<p><strong><br>Vaidluste lahendamine<\/strong><\/p>\n<p>Kui ostjal on e-poe kohta kaebusi, tuleb need saata e-posti aadressile info@tailsup.co.&nbsp;<\/p>\n<p>Kui ostja ja e-pood ei suuda vaidlust lahendada, v\u00f5ib ostja p\u00f6\u00f6rduda Tarbijavaidluste komisjoni poole. Komisjoni tingimustega saab tutvuda ja avalduse esitada&nbsp;<a href=\"https:\/\/komisjon.ee\/et\/avalduse-esitamine\" target=\"_blank\" rel=\"noopener\">siin.<\/a>Tarbijavaidluste komisjon on p\u00e4dev lahendama ostja ja e-poe vahelisi vaidlusi ning kaebuse l\u00e4bivaatamine on tasuta.<\/p>\n<p>Ostja saab kasutada ka&nbsp;<a href=\"https:\/\/ec.europa.eu\/consumers\/odr\/main\/index.cfm?event=main.home2.show&amp;lng=ET\" target=\"_blank\" rel=\"noopener\">Euroopa Liidu veebip\u00f5hist vaidluste lahendamise platvormi<\/a>.<\/p>\t\t\t\t\t\t\t\t<\/div>\n\t\t\t\t<\/div>\n\t\t\t\t\t<\/div>\n\t\t\t\t<\/div>\n\t\t\t\t<\/div>","protected":false},"excerpt":{"rendered":"<p>Terms and Conditions Validity of the sales contract, goods and price information The terms of sale apply to the purchase of goods from the Online Store. The prices of the products sold in the online store are indicated next to the products. A fee for the delivery of the goods is added to the price. [&hellip;]<\/p>\n","protected":false},"author":1,"featured_media":0,"parent":0,"menu_order":0,"comment_status":"closed","ping_status":"closed","template":"","meta":{"footnotes":""},"class_list":["post-421","page","type-page","status-publish","hentry"],"_links":{"self":[{"href":"https:\/\/www.tailsup.co\/et\/wp-json\/wp\/v2\/pages\/421","targetHints":{"allow":["GET"]}}],"collection":[{"href":"https:\/\/www.tailsup.co\/et\/wp-json\/wp\/v2\/pages"}],"about":[{"href":"https:\/\/www.tailsup.co\/et\/wp-json\/wp\/v2\/types\/page"}],"author":[{"embeddable":true,"href":"https:\/\/www.tailsup.co\/et\/wp-json\/wp\/v2\/users\/1"}],"replies":[{"embeddable":true,"href":"https:\/\/www.tailsup.co\/et\/wp-json\/wp\/v2\/comments?post=421"}],"version-history":[{"count":5,"href":"https:\/\/www.tailsup.co\/et\/wp-json\/wp\/v2\/pages\/421\/revisions"}],"predecessor-version":[{"id":876,"href":"https:\/\/www.tailsup.co\/et\/wp-json\/wp\/v2\/pages\/421\/revisions\/876"}],"wp:attachment":[{"href":"https:\/\/www.tailsup.co\/et\/wp-json\/wp\/v2\/media?parent=421"}],"curies":[{"name":"wp","href":"https:\/\/api.w.org\/{rel}","templated":true}]}}