{"id":3,"date":"2024-10-02T10:47:08","date_gmt":"2024-10-02T10:47:08","guid":{"rendered":"https:\/\/www.tailsup.co\/?page_id=3"},"modified":"2025-02-10T14:28:23","modified_gmt":"2025-02-10T11:28:23","slug":"privacy-policy","status":"publish","type":"page","link":"https:\/\/www.tailsup.co\/et\/privacy-policy\/","title":{"rendered":"Privaatsuspoliitika"},"content":{"rendered":"<div data-elementor-type=\"wp-page\" data-elementor-id=\"3\" class=\"elementor elementor-3\" data-elementor-post-type=\"page\">\n\t\t\t\t<div class=\"elementor-element elementor-element-40c7560 e-flex e-con-boxed e-con e-parent\" data-id=\"40c7560\" data-element_type=\"container\" data-e-type=\"container\" data-settings=\"{&quot;background_background&quot;:&quot;classic&quot;,&quot;jet_parallax_layout_list&quot;:[],&quot;_ob_use_container_extras&quot;:&quot;no&quot;,&quot;_ob_column_hoveranimator&quot;:&quot;no&quot;,&quot;_ob_glider_is_slider&quot;:&quot;no&quot;,&quot;_ob_column_has_pseudo&quot;:&quot;no&quot;}\">\n\t\t\t\t\t<div class=\"e-con-inner\">\n\t\t\t\t<div class=\"elementor-element elementor-element-0b55f76 ob-harakiri-inherit ob-has-background-overlay elementor-widget elementor-widget-heading\" data-id=\"0b55f76\" data-element_type=\"widget\" data-e-type=\"widget\" data-settings=\"{&quot;_ob_use_harakiri&quot;:&quot;yes&quot;,&quot;_ob_harakiri_writing_mode&quot;:&quot;inherit&quot;,&quot;_ob_harakiri_text_clip&quot;:&quot;none&quot;,&quot;_ob_perspektive_use&quot;:&quot;no&quot;,&quot;_ob_poopart_use&quot;:&quot;yes&quot;,&quot;_ob_shadough_use&quot;:&quot;no&quot;,&quot;_ob_allow_hoveranimator&quot;:&quot;no&quot;,&quot;_ob_widget_stalker_use&quot;:&quot;no&quot;}\" data-widget_type=\"heading.default\">\n\t\t\t\t<div class=\"elementor-widget-container\">\n\t\t\t\t\t<h2 class=\"elementor-heading-title elementor-size-default\">Privaatsuspoliitika<\/h2>\t\t\t\t<\/div>\n\t\t\t\t<\/div>\n\t\t\t\t\t<\/div>\n\t\t\t\t<\/div>\n\t\t<div class=\"elementor-element elementor-element-55a6961b e-flex e-con-boxed e-con e-parent\" data-id=\"55a6961b\" data-element_type=\"container\" data-e-type=\"container\" data-settings=\"{&quot;jet_parallax_layout_list&quot;:[],&quot;_ob_use_container_extras&quot;:&quot;no&quot;,&quot;_ob_column_hoveranimator&quot;:&quot;no&quot;,&quot;_ob_glider_is_slider&quot;:&quot;no&quot;,&quot;_ob_column_has_pseudo&quot;:&quot;no&quot;}\">\n\t\t\t\t\t<div class=\"e-con-inner\">\n\t\t\t\t<div class=\"elementor-element elementor-element-41650446 ob-harakiri-inherit ob-has-background-overlay elementor-widget elementor-widget-text-editor\" data-id=\"41650446\" data-element_type=\"widget\" data-e-type=\"widget\" data-settings=\"{&quot;_ob_use_harakiri&quot;:&quot;yes&quot;,&quot;_ob_harakiri_writing_mode&quot;:&quot;inherit&quot;,&quot;_ob_postman_use&quot;:&quot;no&quot;,&quot;_ob_perspektive_use&quot;:&quot;no&quot;,&quot;_ob_poopart_use&quot;:&quot;yes&quot;,&quot;_ob_shadough_use&quot;:&quot;no&quot;,&quot;_ob_allow_hoveranimator&quot;:&quot;no&quot;,&quot;_ob_widget_stalker_use&quot;:&quot;no&quot;}\" data-widget_type=\"text-editor.default\">\n\t\t\t\t<div class=\"elementor-widget-container\">\n\t\t\t\t\t\t\t\t\t<p><\/p>\n<p><strong>1. \u00dclds\u00e4tted<\/strong><\/p>\n<p>1.1. K\u00e4esolev privaatsuspoliitika s\u00e4testab isikuandmete kogumise, t\u00f6\u00f6tlemise ja s\u00e4ilitamise p\u00f5him\u00f5tted.&nbsp;<\/p>\n<p>1.2. Privaatsuspoliitika m\u00f5istes on andmesubjekt klient v\u00f5i muu f\u00fc\u00fcsiline isik, kelle isikuandmeid andmet\u00f6\u00f6tleja t\u00f6\u00f6tleb<\/p>\n<p>1.3. Klient on isik, kes ostab kaupu v\u00f5i teenuseid andmet\u00f6\u00f6tleja veebisaidilt.<\/p>\n<p>1.4. Isikuandmeid t\u00f6\u00f6deldakse vastavalt kehtivatele \u00f5igusaktidele ning tagatakse, et andmeid t\u00f6\u00f6deldakse seaduslikult, \u00f5iglaselt ja turvaliselt. Andmet\u00f6\u00f6tleja suudab kinnitada, et isikuandmete t\u00f6\u00f6tlemine toimub vastavalt seadusele<\/p>\n<p><strong>2. Isikuandmete kogumine, t\u00f6\u00f6tlemine ja s\u00e4ilitamine<\/strong><\/p>\n<p>2.1. Andmet\u00f6\u00f6tleja kogub, t\u00f6\u00f6tleb ja s\u00e4ilitab isikuandmeid elektrooniliselt, peamiselt veebisaidi ja e-posti teel.<\/p>\n<p>2.2. Isikuandmete edastamisega annab andmesubjekt andmet\u00f6\u00f6tlejale \u00f5iguse koguda, kasutada ja hallata k\u00e4esolevas privaatsuspoliitikas nimetatud isikuandmeid.<\/p>\n<p>2.3. Andmesubjekt vastutab esitatud andmete t\u00e4psuse ja \u00f5igsuse eest. Kui esitatud andmed muutuvad, tuleb sellest viivitamatult teavitada andmet\u00f6\u00f6tlejat<\/p>\n<p>2.4. Andmet\u00f6\u00f6tleja ei vastuta kahjude eest, mis on p\u00f5hjustatud valeandmete esitamisest andmesubjekti v\u00f5i kolmandate isikute poolt.<\/p>\n<p><strong>3. Kliendi isikuandmete t\u00f6\u00f6tlemine<\/strong><\/p>\n<p>3.1. Andmet\u00f6\u00f6tleja v\u00f5ib t\u00f6\u00f6delda j\u00e4rgmisi isikuandmeid:<\/p>\n<p>3.1.1. Ees- ja perekonnanimi;<\/p>\n<p>3.1.2. S\u00fcnniaeg;<\/p>\n<p>3.1.3. Telefoninumber;<\/p>\n<p>3.1.4. E-posti aadress;<\/p>\n<p>3.1.5. Tarneaadress;<\/p>\n<p>3.1.6. Pangakonto number;<\/p>\n<p>3.1.7.Maksekaardi andmed<\/p>\n<p>3.2. Lisaks v\u00f5ib andmet\u00f6\u00f6tleja koguda teavet kliendi kohta avalikest registritest.<\/p>\n<p>3.3. Isikuandmete t\u00f6\u00f6tlemise \u00f5iguslik alus vastavalt GDPR artiklile 6 (1) a), b), c) ja f):<\/p>\n<p>(a) Andmesubjekt on andnud n\u00f5usoleku oma isikuandmete t\u00f6\u00f6tlemiseks.<\/p>\n<p>(b) T\u00f6\u00f6tlemine on vajalik lepinguliste kohustuste t\u00e4itmiseks.<\/p>\n<p>(c) T\u00f6\u00f6tlemine on vajalik \u00f5iguslike kohustuste t\u00e4itmiseks<\/p>\n<p>(f) T\u00f6\u00f6tlemine on vajalik andmet\u00f6\u00f6tleja \u00f5igustatud huvide tagamiseks.<\/p>\n<p>3.4. Isikuandmete t\u00f6\u00f6tlemise eesm\u00e4rgid ja s\u00e4ilitamise perioodid:<\/p>\n<p>3.4.1. Turvalisus ja andmekaitse \u2013 vastavalt seaduses s\u00e4testatud t\u00e4htajale<br>- vastavalt seaduses s\u00e4testatud t\u00e4htajale<\/p>\n<p>3.4.2. Tellimuste t\u00f6\u00f6tlemine<br>\u2013 5 aastat<\/p>\n<p>3.4.3. E-poe toimimine ja kliendihaldus<br>\u2013 5 aastat<\/p>\n<p>3.4.4. Purpose of processing \u2013 customer management<br>\u2013 5 aastat<\/p>\n<p>3.4.5 Finants- ja raamatupidamistoimingud<br>- vastavalt seaduses s\u00e4testatud t\u00e4htajale<\/p>\n<p>3.4.6. Otseturundus<br>\u2013 10 aastat<\/p>\n<p>3.5. Andmet\u00f6\u00f6tlejal on \u00f5igus jagada isikuandmeid kolmandate osapooltega, n\u00e4iteks:\nVolitatud andmet\u00f6\u00f6tlejad\nRaamatupidamis- ja makseteenuse pakkujad\nKullerteenused\nIT-teenuse pakkujad\nAndmet\u00f6\u00f6tleja edastab maksete tegemiseks vajalikud isikuandmed volitatud andmet\u00f6\u00f6tlejale Montonio Finance UAB.<\/p>\n<p>3.6. Isikuandmete t\u00f6\u00f6tlemisel ja s\u00e4ilitamisel rakendatakse organisatoorseid ja tehnilisi turvameetmeid, et kaitsta andmeid volitamata juurdep\u00e4\u00e4su, lekkimise, h\u00e4vimise ja muu ebaseadusliku t\u00f6\u00f6tlemise eest.<\/p>\n<p>3.7. Andmesubjektide isikuandmeid s\u00e4ilitatakse t\u00f6\u00f6tlemise eesm\u00e4rgi t\u00e4itumiseni, kuid mitte kauem kui 10 aastat.<\/p>\n<p><strong>4. Andmesubjekti \u00f5igused<\/strong><\/p>\n<p>4.1. Andmesubjektil on \u00f5igus juurdep\u00e4\u00e4sule oma isikuandmetele.<\/p>\n<p>4.2. Andmesubjektil on \u00f5igus saada teavet oma andmete t\u00f6\u00f6tlemise kohta.<\/p>\n<p>4.3. Andmesubjektil on \u00f5igus parandada ebat\u00e4pseid v\u00f5i puudulikke andmeid.<\/p>\n<p>4.4. Kui t\u00f6\u00f6tlemine p\u00f5hineb n\u00f5usolekul, on andmesubjektil \u00f5igus see igal ajal tagasi v\u00f5tta.<\/p>\n<p>4.5. Andmesubjekt saab oma \u00f5igusi teostada, v\u00f5ttes \u00fchendust e-poe klienditoega aadressil info@tailsup.co.<\/p>\n<p>4.6. Kui andmesubjekt leiab, et tema \u00f5igusi on rikutud, on tal \u00f5igus esitada kaebus Andmekaitse Inspektsioonile.<\/p>\n<p>5. L\u00f5pps\u00e4tted<\/p>\n<p>5.1. K\u00e4esolev privaatsuspoliitika on koostatud vastavalt Euroopa Parlamendi ja N\u00f5ukogu m\u00e4\u00e4rusele (EL) 2016\/679 (GDPR) ning teistele asjakohastele \u00f5igusaktidele.<\/p>\n<p>5.2. Andmet\u00f6\u00f6tlejal on \u00f5igus tingimusi osaliselt v\u00f5i t\u00e4ielikult muuta, teavitades sellest andmesubjekte veebilehe www.tailsup.co kaudu.<\/p>\t\t\t\t\t\t\t\t<\/div>\n\t\t\t\t<\/div>\n\t\t\t\t\t<\/div>\n\t\t\t\t<\/div>\n\t\t\t\t<\/div>","protected":false},"excerpt":{"rendered":"<p>Privacy Policy 1. General provisions 1.1. This Privacy Policy governs the principles governing the collection, processing and storage of personal information.&nbsp; 1.2. For the purposes of the Privacy Policy, a data subject is a customer or other natural person whose personal data is processed by a data controller. 1.3. For the purposes of the customer [&hellip;]<\/p>\n","protected":false},"author":1,"featured_media":0,"parent":0,"menu_order":0,"comment_status":"closed","ping_status":"open","template":"","meta":{"footnotes":""},"class_list":["post-3","page","type-page","status-publish","hentry"],"_links":{"self":[{"href":"https:\/\/www.tailsup.co\/et\/wp-json\/wp\/v2\/pages\/3","targetHints":{"allow":["GET"]}}],"collection":[{"href":"https:\/\/www.tailsup.co\/et\/wp-json\/wp\/v2\/pages"}],"about":[{"href":"https:\/\/www.tailsup.co\/et\/wp-json\/wp\/v2\/types\/page"}],"author":[{"embeddable":true,"href":"https:\/\/www.tailsup.co\/et\/wp-json\/wp\/v2\/users\/1"}],"replies":[{"embeddable":true,"href":"https:\/\/www.tailsup.co\/et\/wp-json\/wp\/v2\/comments?post=3"}],"version-history":[{"count":5,"href":"https:\/\/www.tailsup.co\/et\/wp-json\/wp\/v2\/pages\/3\/revisions"}],"predecessor-version":[{"id":873,"href":"https:\/\/www.tailsup.co\/et\/wp-json\/wp\/v2\/pages\/3\/revisions\/873"}],"wp:attachment":[{"href":"https:\/\/www.tailsup.co\/et\/wp-json\/wp\/v2\/media?parent=3"}],"curies":[{"name":"wp","href":"https:\/\/api.w.org\/{rel}","templated":true}]}}